{"id":42558,"date":"2026-05-11T20:43:41","date_gmt":"2026-05-11T20:43:36","guid":{"rendered":"https:\/\/chapal.fr\/?post_type=product&#038;p=42558"},"modified":"2026-05-11T20:55:56","modified_gmt":"2026-05-11T20:55:56","slug":"cardigan-sport-vintage-laine-merinos-bleu","status":"publish","type":"product","link":"https:\/\/chapal.fr\/fr\/produit\/cardigan-sport-vintage-laine-merinos-bleu\/","title":{"rendered":"Cardigan Sport &#8211; Vintage"},"content":{"rendered":"","protected":false},"excerpt":{"rendered":"<p>Laine M\u00e9rinos<br \/>\nCouleur Bleu \u00e9lectrique<br \/>\nCapuche avec doublure en gabardine de coton<br \/>\nFermeture \u00e0 glissi\u00e8re en laiton &#8211; Riri<\/p>\n<p>\u00c9tat : Tr\u00e8s bon \u00e9tat<\/p>\n","protected":false},"featured_media":26383,"template":"","meta":[],"product_cat":[2799],"product_tag":[],"acf":[],"_links":{"self":[{"href":"https:\/\/chapal.fr\/fr\/wp-json\/wp\/v2\/product\/42558"}],"collection":[{"href":"https:\/\/chapal.fr\/fr\/wp-json\/wp\/v2\/product"}],"about":[{"href":"https:\/\/chapal.fr\/fr\/wp-json\/wp\/v2\/types\/product"}],"wp:featuredmedia":[{"embeddable":true,"href":"https:\/\/chapal.fr\/fr\/wp-json\/wp\/v2\/media\/26383"}],"wp:attachment":[{"href":"https:\/\/chapal.fr\/fr\/wp-json\/wp\/v2\/media?parent=42558"}],"wp:term":[{"taxonomy":"product_cat","embeddable":true,"href":"https:\/\/chapal.fr\/fr\/wp-json\/wp\/v2\/product_cat?post=42558"},{"taxonomy":"product_tag","embeddable":true,"href":"https:\/\/chapal.fr\/fr\/wp-json\/wp\/v2\/product_tag?post=42558"}],"curies":[{"name":"wp","href":"https:\/\/api.w.org\/{rel}","templated":true}]}}