{"id":42551,"date":"2026-05-11T20:30:39","date_gmt":"2026-05-11T20:30:55","guid":{"rendered":"https:\/\/chapal.fr\/?post_type=product&#038;p=42551"},"modified":"2026-05-11T20:41:51","modified_gmt":"2026-05-11T20:41:51","slug":"cardigan-sport-vintage-laine-merinos-chapal","status":"publish","type":"product","link":"https:\/\/chapal.fr\/fr\/produit\/cardigan-sport-vintage-laine-merinos-chapal\/","title":{"rendered":"Cardigan Sport &#8211; Vintage"},"content":{"rendered":"","protected":false},"excerpt":{"rendered":"<p>Laine M\u00e9rinos<br \/>\nCouleur Orange<br \/>\nCapuche avec doublure en gabardine de coton<br \/>\nFermeture \u00e0 glissi\u00e8re en laiton &#8211; Riri<\/p>\n<p>\u00c9tat : Tr\u00e8s bon \u00e9tat<\/p>\n","protected":false},"featured_media":31443,"template":"","meta":[],"product_cat":[2799],"product_tag":[],"acf":[],"_links":{"self":[{"href":"https:\/\/chapal.fr\/fr\/wp-json\/wp\/v2\/product\/42551"}],"collection":[{"href":"https:\/\/chapal.fr\/fr\/wp-json\/wp\/v2\/product"}],"about":[{"href":"https:\/\/chapal.fr\/fr\/wp-json\/wp\/v2\/types\/product"}],"wp:featuredmedia":[{"embeddable":true,"href":"https:\/\/chapal.fr\/fr\/wp-json\/wp\/v2\/media\/31443"}],"wp:attachment":[{"href":"https:\/\/chapal.fr\/fr\/wp-json\/wp\/v2\/media?parent=42551"}],"wp:term":[{"taxonomy":"product_cat","embeddable":true,"href":"https:\/\/chapal.fr\/fr\/wp-json\/wp\/v2\/product_cat?post=42551"},{"taxonomy":"product_tag","embeddable":true,"href":"https:\/\/chapal.fr\/fr\/wp-json\/wp\/v2\/product_tag?post=42551"}],"curies":[{"name":"wp","href":"https:\/\/api.w.org\/{rel}","templated":true}]}}