{"id":42240,"date":"2026-04-30T14:35:24","date_gmt":"2026-04-30T14:35:32","guid":{"rendered":"https:\/\/chapal.fr\/?post_type=product&#038;p=42240"},"modified":"2026-04-30T15:07:39","modified_gmt":"2026-04-30T15:07:39","slug":"blouson-anglais-vintage-cuir-glace-bleu-chapal","status":"publish","type":"product","link":"https:\/\/chapal.fr\/fr\/produit\/blouson-anglais-vintage-cuir-glace-bleu-chapal\/","title":{"rendered":"Blouson Anglais &#8211; Vintage"},"content":{"rendered":"","protected":false},"excerpt":{"rendered":"<p class=\"p1\">Cuir glac\u00e9<br \/>\nCouleur Bleu<br \/>\nBandes \u00e9crues en cuir glac\u00e9<br \/>\nDoublure en popeline de coton bleue<br \/>\nFermeture \u00e0 glissi\u00e8re en laiton nickel\u00e9 &#8211; Riri<\/p>\n<p>\u00c9tat : Tr\u00e8s bon \u00e9tat<\/p>\n","protected":false},"featured_media":42245,"template":"","meta":[],"product_cat":[2799],"product_tag":[],"acf":[],"_links":{"self":[{"href":"https:\/\/chapal.fr\/fr\/wp-json\/wp\/v2\/product\/42240"}],"collection":[{"href":"https:\/\/chapal.fr\/fr\/wp-json\/wp\/v2\/product"}],"about":[{"href":"https:\/\/chapal.fr\/fr\/wp-json\/wp\/v2\/types\/product"}],"wp:featuredmedia":[{"embeddable":true,"href":"https:\/\/chapal.fr\/fr\/wp-json\/wp\/v2\/media\/42245"}],"wp:attachment":[{"href":"https:\/\/chapal.fr\/fr\/wp-json\/wp\/v2\/media?parent=42240"}],"wp:term":[{"taxonomy":"product_cat","embeddable":true,"href":"https:\/\/chapal.fr\/fr\/wp-json\/wp\/v2\/product_cat?post=42240"},{"taxonomy":"product_tag","embeddable":true,"href":"https:\/\/chapal.fr\/fr\/wp-json\/wp\/v2\/product_tag?post=42240"}],"curies":[{"name":"wp","href":"https:\/\/api.w.org\/{rel}","templated":true}]}}