{"id":42224,"date":"2026-04-28T20:30:18","date_gmt":"2026-04-28T20:30:25","guid":{"rendered":"https:\/\/chapal.fr\/?post_type=product&#038;p=42224"},"modified":"2026-04-28T20:54:14","modified_gmt":"2026-04-28T20:54:14","slug":"blouson-anglais-vintage-laine-merinos-gris","status":"publish","type":"product","link":"https:\/\/chapal.fr\/fr\/produit\/blouson-anglais-vintage-laine-merinos-gris\/","title":{"rendered":"Blouson Anglais &#8211; Vintage"},"content":{"rendered":"","protected":false},"excerpt":{"rendered":"<p class=\"p1\">Laine M\u00e9rinos<br \/>\nCouleur Gris<br \/>\nBandes \u00e9crues en cuir glac\u00e9<br \/>\nDoublure en popeline de coton<br \/>\nFermeture \u00e0 glissi\u00e8re en laiton &#8211; Riri<\/p>\n<p>\u00c9tat : Tr\u00e8s bon \u00e9tat<\/p>\n","protected":false},"featured_media":20264,"template":"","meta":[],"product_cat":[2799],"product_tag":[],"acf":[],"_links":{"self":[{"href":"https:\/\/chapal.fr\/fr\/wp-json\/wp\/v2\/product\/42224"}],"collection":[{"href":"https:\/\/chapal.fr\/fr\/wp-json\/wp\/v2\/product"}],"about":[{"href":"https:\/\/chapal.fr\/fr\/wp-json\/wp\/v2\/types\/product"}],"wp:featuredmedia":[{"embeddable":true,"href":"https:\/\/chapal.fr\/fr\/wp-json\/wp\/v2\/media\/20264"}],"wp:attachment":[{"href":"https:\/\/chapal.fr\/fr\/wp-json\/wp\/v2\/media?parent=42224"}],"wp:term":[{"taxonomy":"product_cat","embeddable":true,"href":"https:\/\/chapal.fr\/fr\/wp-json\/wp\/v2\/product_cat?post=42224"},{"taxonomy":"product_tag","embeddable":true,"href":"https:\/\/chapal.fr\/fr\/wp-json\/wp\/v2\/product_tag?post=42224"}],"curies":[{"name":"wp","href":"https:\/\/api.w.org\/{rel}","templated":true}]}}