{"id":42038,"date":"2026-03-06T22:34:29","date_gmt":"2026-03-06T22:34:33","guid":{"rendered":"https:\/\/chapal.fr\/?post_type=product&#038;p=42038"},"modified":"2026-03-06T22:51:54","modified_gmt":"2026-03-06T22:51:54","slug":"blouson-concorde-cuir-fripe-couleur-noir-chapal","status":"publish","type":"product","link":"https:\/\/chapal.fr\/fr\/produit\/blouson-concorde-cuir-fripe-couleur-noir-chapal\/","title":{"rendered":"Concorde"},"content":{"rendered":"","protected":false},"excerpt":{"rendered":"<p class=\"p1\">Cuir frip\u00e9<br \/>\nDoublure en cupro ouatin\u00e9e &#8211; Couleur verte<br \/>\nFermetures \u00e0 glissi\u00e8re nickel\u00e9es &#8211; Riri<br \/>\nUne poche int\u00e9rieure<\/p>\n","protected":false},"featured_media":42045,"template":"","meta":[],"product_cat":[1315],"product_tag":[],"acf":[],"_links":{"self":[{"href":"https:\/\/chapal.fr\/fr\/wp-json\/wp\/v2\/product\/42038"}],"collection":[{"href":"https:\/\/chapal.fr\/fr\/wp-json\/wp\/v2\/product"}],"about":[{"href":"https:\/\/chapal.fr\/fr\/wp-json\/wp\/v2\/types\/product"}],"wp:featuredmedia":[{"embeddable":true,"href":"https:\/\/chapal.fr\/fr\/wp-json\/wp\/v2\/media\/42045"}],"wp:attachment":[{"href":"https:\/\/chapal.fr\/fr\/wp-json\/wp\/v2\/media?parent=42038"}],"wp:term":[{"taxonomy":"product_cat","embeddable":true,"href":"https:\/\/chapal.fr\/fr\/wp-json\/wp\/v2\/product_cat?post=42038"},{"taxonomy":"product_tag","embeddable":true,"href":"https:\/\/chapal.fr\/fr\/wp-json\/wp\/v2\/product_tag?post=42038"}],"curies":[{"name":"wp","href":"https:\/\/api.w.org\/{rel}","templated":true}]}}