{"id":41940,"date":"2026-02-27T21:13:03","date_gmt":"2026-02-27T21:13:11","guid":{"rendered":"https:\/\/chapal.fr\/?post_type=product&#038;p=41940"},"modified":"2026-03-02T20:13:58","modified_gmt":"2026-03-02T20:13:58","slug":"sac-roppongi-s-cuir-glace-gris-anthracite","status":"publish","type":"product","link":"https:\/\/chapal.fr\/fr\/produit\/sac-roppongi-s-cuir-glace-gris-anthracite\/","title":{"rendered":"Sac Roppongi S"},"content":{"rendered":"","protected":false},"excerpt":{"rendered":"<p class=\"p1\">Cuir glac\u00e9<br \/>\nPoign\u00e9es en cuir tann\u00e9 v\u00e9g\u00e9tal<br \/>\nDoublure en gabardine de coton<br \/>\nFermeture \u00e0 glissi\u00e8re en laiton &#8211; Riri<br \/>\nAvec ou sans bandouli\u00e8re<br \/>\nUne poche int\u00e9rieure<\/p>\n<p>Dimensions en cm : 52 x 30 x 18<\/p>\n","protected":false},"featured_media":41970,"template":"","meta":[],"product_cat":[1313],"product_tag":[],"acf":[],"_links":{"self":[{"href":"https:\/\/chapal.fr\/fr\/wp-json\/wp\/v2\/product\/41940"}],"collection":[{"href":"https:\/\/chapal.fr\/fr\/wp-json\/wp\/v2\/product"}],"about":[{"href":"https:\/\/chapal.fr\/fr\/wp-json\/wp\/v2\/types\/product"}],"wp:featuredmedia":[{"embeddable":true,"href":"https:\/\/chapal.fr\/fr\/wp-json\/wp\/v2\/media\/41970"}],"wp:attachment":[{"href":"https:\/\/chapal.fr\/fr\/wp-json\/wp\/v2\/media?parent=41940"}],"wp:term":[{"taxonomy":"product_cat","embeddable":true,"href":"https:\/\/chapal.fr\/fr\/wp-json\/wp\/v2\/product_cat?post=41940"},{"taxonomy":"product_tag","embeddable":true,"href":"https:\/\/chapal.fr\/fr\/wp-json\/wp\/v2\/product_tag?post=41940"}],"curies":[{"name":"wp","href":"https:\/\/api.w.org\/{rel}","templated":true}]}}