{"id":41852,"date":"2026-02-14T23:05:05","date_gmt":"2026-02-14T23:05:10","guid":{"rendered":"https:\/\/chapal.fr\/?post_type=product&#038;p=41852"},"modified":"2026-02-14T23:44:30","modified_gmt":"2026-02-14T23:44:30","slug":"bomber-doublure-fox-brothers-vintage-chapal","status":"publish","type":"product","link":"https:\/\/chapal.fr\/fr\/produit\/bomber-doublure-fox-brothers-vintage-chapal\/","title":{"rendered":"Bomber &#8211; Doublure Fox Brothers &#8211; Vintage"},"content":{"rendered":"","protected":false},"excerpt":{"rendered":"<p class=\"p1\">Cuir glac\u00e9<br \/>\nCouleur Gris Anthracite<br \/>\nDoublure en flanelle Fox Brothers<br \/>\n\u00c9pais col en mouton dor\u00e9<br \/>\nFermeture \u00e0 glissi\u00e8re en laiton &#8211; Riri<\/p>\n<p>\u00c9tat : Tr\u00e8s bon \u00e9tat<\/p>\n","protected":false},"featured_media":20296,"template":"","meta":[],"product_cat":[2799],"product_tag":[],"acf":[],"_links":{"self":[{"href":"https:\/\/chapal.fr\/fr\/wp-json\/wp\/v2\/product\/41852"}],"collection":[{"href":"https:\/\/chapal.fr\/fr\/wp-json\/wp\/v2\/product"}],"about":[{"href":"https:\/\/chapal.fr\/fr\/wp-json\/wp\/v2\/types\/product"}],"wp:featuredmedia":[{"embeddable":true,"href":"https:\/\/chapal.fr\/fr\/wp-json\/wp\/v2\/media\/20296"}],"wp:attachment":[{"href":"https:\/\/chapal.fr\/fr\/wp-json\/wp\/v2\/media?parent=41852"}],"wp:term":[{"taxonomy":"product_cat","embeddable":true,"href":"https:\/\/chapal.fr\/fr\/wp-json\/wp\/v2\/product_cat?post=41852"},{"taxonomy":"product_tag","embeddable":true,"href":"https:\/\/chapal.fr\/fr\/wp-json\/wp\/v2\/product_tag?post=41852"}],"curies":[{"name":"wp","href":"https:\/\/api.w.org\/{rel}","templated":true}]}}