{"id":41840,"date":"2026-02-12T18:28:42","date_gmt":"2026-02-12T18:28:47","guid":{"rendered":"https:\/\/chapal.fr\/?post_type=product&#038;p=41840"},"modified":"2026-02-12T18:47:07","modified_gmt":"2026-02-12T18:47:07","slug":"bomber-vintage-laine-merinos-gris-chapal","status":"publish","type":"product","link":"https:\/\/chapal.fr\/fr\/produit\/bomber-vintage-laine-merinos-gris-chapal\/","title":{"rendered":"Bomber &#8211; Vintage"},"content":{"rendered":"","protected":false},"excerpt":{"rendered":"<p class=\"p1\">Laine M\u00e9rinos<br \/>\nCouleur Gris anthracite<br \/>\nDoublure en gabardine de coton<br \/>\n\u00c9pais col en mouton dor\u00e9<br \/>\nFermeture \u00e0 glissi\u00e8re en laiton &#8211; Riri<\/p>\n<p>\u00c9tat : Tr\u00e8s bon \u00e9tat<\/p>\n","protected":false},"featured_media":20302,"template":"","meta":[],"product_cat":[2799],"product_tag":[],"acf":[],"_links":{"self":[{"href":"https:\/\/chapal.fr\/fr\/wp-json\/wp\/v2\/product\/41840"}],"collection":[{"href":"https:\/\/chapal.fr\/fr\/wp-json\/wp\/v2\/product"}],"about":[{"href":"https:\/\/chapal.fr\/fr\/wp-json\/wp\/v2\/types\/product"}],"wp:featuredmedia":[{"embeddable":true,"href":"https:\/\/chapal.fr\/fr\/wp-json\/wp\/v2\/media\/20302"}],"wp:attachment":[{"href":"https:\/\/chapal.fr\/fr\/wp-json\/wp\/v2\/media?parent=41840"}],"wp:term":[{"taxonomy":"product_cat","embeddable":true,"href":"https:\/\/chapal.fr\/fr\/wp-json\/wp\/v2\/product_cat?post=41840"},{"taxonomy":"product_tag","embeddable":true,"href":"https:\/\/chapal.fr\/fr\/wp-json\/wp\/v2\/product_tag?post=41840"}],"curies":[{"name":"wp","href":"https:\/\/api.w.org\/{rel}","templated":true}]}}