{"id":41826,"date":"2026-02-05T17:22:37","date_gmt":"2026-02-05T17:22:42","guid":{"rendered":"https:\/\/chapal.fr\/?post_type=product&#038;p=41826"},"modified":"2026-03-02T20:04:38","modified_gmt":"2026-03-02T20:04:38","slug":"t-shirt-centenaire-1832-1932-jersey-coton","status":"publish","type":"product","link":"https:\/\/chapal.fr\/fr\/produit\/t-shirt-centenaire-1832-1932-jersey-coton\/","title":{"rendered":"T-shirt Centenaire 1832-1932"},"content":{"rendered":"","protected":false},"excerpt":{"rendered":"<p>Jersey de coton peign\u00e9<br \/>\nS\u00e9rigraphi\u00e9 \u00e0 la main<br \/>\nManches courtes<br \/>\nCol rond<\/p>\n","protected":false},"featured_media":42000,"template":"","meta":[],"product_cat":[1317],"product_tag":[],"acf":[],"_links":{"self":[{"href":"https:\/\/chapal.fr\/fr\/wp-json\/wp\/v2\/product\/41826"}],"collection":[{"href":"https:\/\/chapal.fr\/fr\/wp-json\/wp\/v2\/product"}],"about":[{"href":"https:\/\/chapal.fr\/fr\/wp-json\/wp\/v2\/types\/product"}],"wp:featuredmedia":[{"embeddable":true,"href":"https:\/\/chapal.fr\/fr\/wp-json\/wp\/v2\/media\/42000"}],"wp:attachment":[{"href":"https:\/\/chapal.fr\/fr\/wp-json\/wp\/v2\/media?parent=41826"}],"wp:term":[{"taxonomy":"product_cat","embeddable":true,"href":"https:\/\/chapal.fr\/fr\/wp-json\/wp\/v2\/product_cat?post=41826"},{"taxonomy":"product_tag","embeddable":true,"href":"https:\/\/chapal.fr\/fr\/wp-json\/wp\/v2\/product_tag?post=41826"}],"curies":[{"name":"wp","href":"https:\/\/api.w.org\/{rel}","templated":true}]}}