{"id":41795,"date":"2026-02-02T20:10:00","date_gmt":"2026-02-02T20:10:06","guid":{"rendered":"https:\/\/chapal.fr\/?post_type=product&#038;p=41795"},"modified":"2026-02-02T20:29:25","modified_gmt":"2026-02-02T20:29:25","slug":"t-shirt-lapin-vintage-jersey-coton-chapal","status":"publish","type":"product","link":"https:\/\/chapal.fr\/fr\/produit\/t-shirt-lapin-vintage-jersey-coton-chapal\/","title":{"rendered":"T-shirt Lapin &#8211; Vintage"},"content":{"rendered":"","protected":false},"excerpt":{"rendered":"<p>Jersey de coton peign\u00e9<br \/>\nCouleur Blanc<br \/>\nS\u00e9rigraphi\u00e9 \u00e0 la main<br \/>\nManches courtes<br \/>\nCol rond<\/p>\n<p>\u00c9tat : Tr\u00e8s bon \u00e9tat<\/p>\n","protected":false},"featured_media":41803,"template":"","meta":[],"product_cat":[2799],"product_tag":[],"acf":[],"_links":{"self":[{"href":"https:\/\/chapal.fr\/fr\/wp-json\/wp\/v2\/product\/41795"}],"collection":[{"href":"https:\/\/chapal.fr\/fr\/wp-json\/wp\/v2\/product"}],"about":[{"href":"https:\/\/chapal.fr\/fr\/wp-json\/wp\/v2\/types\/product"}],"wp:featuredmedia":[{"embeddable":true,"href":"https:\/\/chapal.fr\/fr\/wp-json\/wp\/v2\/media\/41803"}],"wp:attachment":[{"href":"https:\/\/chapal.fr\/fr\/wp-json\/wp\/v2\/media?parent=41795"}],"wp:term":[{"taxonomy":"product_cat","embeddable":true,"href":"https:\/\/chapal.fr\/fr\/wp-json\/wp\/v2\/product_cat?post=41795"},{"taxonomy":"product_tag","embeddable":true,"href":"https:\/\/chapal.fr\/fr\/wp-json\/wp\/v2\/product_tag?post=41795"}],"curies":[{"name":"wp","href":"https:\/\/api.w.org\/{rel}","templated":true}]}}