{"id":41708,"date":"2026-01-28T22:02:35","date_gmt":"2026-01-28T22:02:38","guid":{"rendered":"https:\/\/chapal.fr\/?post_type=product&#038;p=41708"},"modified":"2026-04-15T18:40:47","modified_gmt":"2026-04-15T18:40:47","slug":"foulard-en-soie-avions-couleurs-soie-chapal","status":"publish","type":"product","link":"https:\/\/chapal.fr\/fr\/produit\/foulard-en-soie-avions-couleurs-soie-chapal\/","title":{"rendered":"Foulard en soie &#8211; Avions couleurs"},"content":{"rendered":"<p><strong>Historique<\/strong> <span style=\"color: #ffffff;\"><strong>Foulard en soie &#8211; Avions couleurs<\/strong><\/span><\/p>\n<p>Ce foulard en soie est issu d&rsquo;un dessin original des ann\u00e9es 1940.<\/p>\n<p>Il est confectionn\u00e9 en twill de soie 35 mommes, tiss\u00e9 sur mesure dans une r\u00e9gion renomm\u00e9e de Chine, reconnue pour produire parmi les plus belles soies au monde, avec une tra\u00e7abilit\u00e9 compl\u00e8te jusqu&rsquo;aux fermes.<\/p>\n<p>Le motif est r\u00e9alis\u00e9 selon une technique traditionnelle de s\u00e9rigraphie \u00e0 la main, dite <em>dye and discharge<\/em>. Ce proc\u00e9d\u00e9 utilise des colorants et p\u00e2tes d&rsquo;impression sp\u00e9cifiques qui p\u00e9n\u00e8trent la fibre sans diffusion lat\u00e9rale, en retirant et rempla\u00e7ant la teinte de fond avec une grande pr\u00e9cision.<\/p>\n<p>L&rsquo;impression est r\u00e9alis\u00e9e par Adamley, dernier imprimeur de soie en s\u00e9rigraphie au Royaume-Uni, danse son atelier historique de Macclesfield (Cheshire), \u00e0 l&rsquo;extr\u00e9mit\u00e9 de la Route de la Soie.<\/p>\n<p>Chaque foulard est ensuite fini par un roulottage \u00e0 la main en France.<\/p>\n","protected":false},"excerpt":{"rendered":"<p>100% soie<br \/>\nTwill de soie &#8211; 35 mommes<br \/>\nSoie issue d&rsquo;une r\u00e9gion reconnue de Chine<br \/>\nImpression s\u00e9rigraphique \u00e0 la main<br \/>\nImprim\u00e9 par Adamley, Royaume-Uni<br \/>\nBords roulott\u00e9s \u00e0 la main, r\u00e9alis\u00e9s en France<br \/>\nDessin original des ann\u00e9es 1940<\/p>\n<p>Dimensions en cm : 90 x 90<\/p>\n","protected":false},"featured_media":41714,"template":"","meta":[],"product_cat":[1444],"product_tag":[],"acf":[],"_links":{"self":[{"href":"https:\/\/chapal.fr\/fr\/wp-json\/wp\/v2\/product\/41708"}],"collection":[{"href":"https:\/\/chapal.fr\/fr\/wp-json\/wp\/v2\/product"}],"about":[{"href":"https:\/\/chapal.fr\/fr\/wp-json\/wp\/v2\/types\/product"}],"wp:featuredmedia":[{"embeddable":true,"href":"https:\/\/chapal.fr\/fr\/wp-json\/wp\/v2\/media\/41714"}],"wp:attachment":[{"href":"https:\/\/chapal.fr\/fr\/wp-json\/wp\/v2\/media?parent=41708"}],"wp:term":[{"taxonomy":"product_cat","embeddable":true,"href":"https:\/\/chapal.fr\/fr\/wp-json\/wp\/v2\/product_cat?post=41708"},{"taxonomy":"product_tag","embeddable":true,"href":"https:\/\/chapal.fr\/fr\/wp-json\/wp\/v2\/product_tag?post=41708"}],"curies":[{"name":"wp","href":"https:\/\/api.w.org\/{rel}","templated":true}]}}