{"id":41692,"date":"2026-01-28T20:51:56","date_gmt":"2026-01-28T20:52:03","guid":{"rendered":"https:\/\/chapal.fr\/?post_type=product&#038;p=41692"},"modified":"2026-04-15T18:39:24","modified_gmt":"2026-04-15T18:39:24","slug":"foulard-en-soie-avions-noir-et-blanc-chapal","status":"publish","type":"product","link":"https:\/\/chapal.fr\/fr\/produit\/foulard-en-soie-avions-noir-et-blanc-chapal\/","title":{"rendered":"Foulard en soie &#8211; Avions noir et blanc"},"content":{"rendered":"","protected":false},"excerpt":{"rendered":"<p>100% soie<br \/>\nTwill de soie &#8211; 35 mommes<br \/>\nSoie issue d&rsquo;une r\u00e9gion reconnue de Chine<br \/>\nImpression s\u00e9rigraphique \u00e0 la main<br \/>\nImprim\u00e9 par Adamley, UK<br \/>\nBords roulott\u00e9s \u00e0 la main, r\u00e9alis\u00e9s en France<br \/>\nDessin original des ann\u00e9es 1940<\/p>\n<p>Dimensions en cm : 90 x 90<\/p>\n","protected":false},"featured_media":41704,"template":"","meta":[],"product_cat":[1444],"product_tag":[],"acf":[],"_links":{"self":[{"href":"https:\/\/chapal.fr\/fr\/wp-json\/wp\/v2\/product\/41692"}],"collection":[{"href":"https:\/\/chapal.fr\/fr\/wp-json\/wp\/v2\/product"}],"about":[{"href":"https:\/\/chapal.fr\/fr\/wp-json\/wp\/v2\/types\/product"}],"wp:featuredmedia":[{"embeddable":true,"href":"https:\/\/chapal.fr\/fr\/wp-json\/wp\/v2\/media\/41704"}],"wp:attachment":[{"href":"https:\/\/chapal.fr\/fr\/wp-json\/wp\/v2\/media?parent=41692"}],"wp:term":[{"taxonomy":"product_cat","embeddable":true,"href":"https:\/\/chapal.fr\/fr\/wp-json\/wp\/v2\/product_cat?post=41692"},{"taxonomy":"product_tag","embeddable":true,"href":"https:\/\/chapal.fr\/fr\/wp-json\/wp\/v2\/product_tag?post=41692"}],"curies":[{"name":"wp","href":"https:\/\/api.w.org\/{rel}","templated":true}]}}