{"id":41317,"date":"2025-09-18T15:18:01","date_gmt":"2025-09-18T15:18:06","guid":{"rendered":"https:\/\/chapal.fr\/?post_type=product&#038;p=41317"},"modified":"2026-01-09T04:05:13","modified_gmt":"2026-01-09T04:05:13","slug":"jeans-2008-a-vintage-denim-red-selvedge","status":"publish","type":"product","link":"https:\/\/chapal.fr\/fr\/produit\/jeans-2008-a-vintage-denim-red-selvedge\/","title":{"rendered":"Jeans 2008 A &#8211; Vintage"},"content":{"rendered":"","protected":false},"excerpt":{"rendered":"<p>Toile denim red selvedge<br \/>\nCoupe droite<\/p>\n<p>\u00c9tat : Tr\u00e8s bon \u00e9tat<\/p>\n","protected":false},"featured_media":41324,"template":"","meta":[],"product_cat":[2799],"product_tag":[],"acf":[],"_links":{"self":[{"href":"https:\/\/chapal.fr\/fr\/wp-json\/wp\/v2\/product\/41317"}],"collection":[{"href":"https:\/\/chapal.fr\/fr\/wp-json\/wp\/v2\/product"}],"about":[{"href":"https:\/\/chapal.fr\/fr\/wp-json\/wp\/v2\/types\/product"}],"wp:featuredmedia":[{"embeddable":true,"href":"https:\/\/chapal.fr\/fr\/wp-json\/wp\/v2\/media\/41324"}],"wp:attachment":[{"href":"https:\/\/chapal.fr\/fr\/wp-json\/wp\/v2\/media?parent=41317"}],"wp:term":[{"taxonomy":"product_cat","embeddable":true,"href":"https:\/\/chapal.fr\/fr\/wp-json\/wp\/v2\/product_cat?post=41317"},{"taxonomy":"product_tag","embeddable":true,"href":"https:\/\/chapal.fr\/fr\/wp-json\/wp\/v2\/product_tag?post=41317"}],"curies":[{"name":"wp","href":"https:\/\/api.w.org\/{rel}","templated":true}]}}