{"id":41303,"date":"2025-09-18T13:17:24","date_gmt":"2025-09-18T13:17:19","guid":{"rendered":"https:\/\/chapal.fr\/?post_type=product&#038;p=41303"},"modified":"2026-01-09T04:05:47","modified_gmt":"2026-01-09T04:05:47","slug":"jeans-2008-a-vintage-denim-red-selvedge-chapal","status":"publish","type":"product","link":"https:\/\/chapal.fr\/fr\/produit\/jeans-2008-a-vintage-denim-red-selvedge-chapal\/","title":{"rendered":"Jeans 2008 A &#8211; Vintage"},"content":{"rendered":"","protected":false},"excerpt":{"rendered":"<p>Toile denim red selvedge<br \/>\nCoupe droite<\/p>\n<p>\u00c9tat : Tr\u00e8s bon \u00e9tat<\/p>\n","protected":false},"featured_media":41308,"template":"","meta":[],"product_cat":[2799],"product_tag":[],"acf":[],"_links":{"self":[{"href":"https:\/\/chapal.fr\/fr\/wp-json\/wp\/v2\/product\/41303"}],"collection":[{"href":"https:\/\/chapal.fr\/fr\/wp-json\/wp\/v2\/product"}],"about":[{"href":"https:\/\/chapal.fr\/fr\/wp-json\/wp\/v2\/types\/product"}],"wp:featuredmedia":[{"embeddable":true,"href":"https:\/\/chapal.fr\/fr\/wp-json\/wp\/v2\/media\/41308"}],"wp:attachment":[{"href":"https:\/\/chapal.fr\/fr\/wp-json\/wp\/v2\/media?parent=41303"}],"wp:term":[{"taxonomy":"product_cat","embeddable":true,"href":"https:\/\/chapal.fr\/fr\/wp-json\/wp\/v2\/product_cat?post=41303"},{"taxonomy":"product_tag","embeddable":true,"href":"https:\/\/chapal.fr\/fr\/wp-json\/wp\/v2\/product_tag?post=41303"}],"curies":[{"name":"wp","href":"https:\/\/api.w.org\/{rel}","templated":true}]}}