{"id":41283,"date":"2025-09-18T10:12:20","date_gmt":"2025-09-18T10:12:25","guid":{"rendered":"https:\/\/chapal.fr\/?post_type=product&#038;p=41283"},"modified":"2026-01-09T04:06:56","modified_gmt":"2026-01-09T04:06:56","slug":"jeans-2008-ac-vintage-finition-nappee-cuir-brun","status":"publish","type":"product","link":"https:\/\/chapal.fr\/fr\/produit\/jeans-2008-ac-vintage-finition-nappee-cuir-brun\/","title":{"rendered":"Jeans 2008 AC &#8211; Vintage"},"content":{"rendered":"","protected":false},"excerpt":{"rendered":"<p>Toile denim<br \/>\nFinition napp\u00e9e<br \/>\nCouleur Noir<br \/>\nEmpi\u00e8cements en cuir glac\u00e9 brun<br \/>\nCoupe droite<\/p>\n<p>\u00c9tat : Tr\u00e8s bon \u00e9tat<\/p>\n","protected":false},"featured_media":41290,"template":"","meta":[],"product_cat":[2799],"product_tag":[],"acf":[],"_links":{"self":[{"href":"https:\/\/chapal.fr\/fr\/wp-json\/wp\/v2\/product\/41283"}],"collection":[{"href":"https:\/\/chapal.fr\/fr\/wp-json\/wp\/v2\/product"}],"about":[{"href":"https:\/\/chapal.fr\/fr\/wp-json\/wp\/v2\/types\/product"}],"wp:featuredmedia":[{"embeddable":true,"href":"https:\/\/chapal.fr\/fr\/wp-json\/wp\/v2\/media\/41290"}],"wp:attachment":[{"href":"https:\/\/chapal.fr\/fr\/wp-json\/wp\/v2\/media?parent=41283"}],"wp:term":[{"taxonomy":"product_cat","embeddable":true,"href":"https:\/\/chapal.fr\/fr\/wp-json\/wp\/v2\/product_cat?post=41283"},{"taxonomy":"product_tag","embeddable":true,"href":"https:\/\/chapal.fr\/fr\/wp-json\/wp\/v2\/product_tag?post=41283"}],"curies":[{"name":"wp","href":"https:\/\/api.w.org\/{rel}","templated":true}]}}