{"id":41272,"date":"2025-09-18T09:10:30","date_gmt":"2025-09-18T09:10:35","guid":{"rendered":"https:\/\/chapal.fr\/?post_type=product&#038;p=41272"},"modified":"2026-01-09T04:07:34","modified_gmt":"2026-01-09T04:07:34","slug":"jeans-2008-ac-vintage-denim-cuir-orange-chapal","status":"publish","type":"product","link":"https:\/\/chapal.fr\/fr\/produit\/jeans-2008-ac-vintage-denim-cuir-orange-chapal\/","title":{"rendered":"Jeans 2008 AC &#8211; Vintage"},"content":{"rendered":"","protected":false},"excerpt":{"rendered":"<p>Toile denim<br \/>\nEmpi\u00e8cements en cuir glac\u00e9 orange<br \/>\nCoupe droite<\/p>\n<p>\u00c9tat : Tr\u00e8s bon \u00e9tat<\/p>\n","protected":false},"featured_media":41279,"template":"","meta":[],"product_cat":[2799],"product_tag":[],"acf":[],"_links":{"self":[{"href":"https:\/\/chapal.fr\/fr\/wp-json\/wp\/v2\/product\/41272"}],"collection":[{"href":"https:\/\/chapal.fr\/fr\/wp-json\/wp\/v2\/product"}],"about":[{"href":"https:\/\/chapal.fr\/fr\/wp-json\/wp\/v2\/types\/product"}],"wp:featuredmedia":[{"embeddable":true,"href":"https:\/\/chapal.fr\/fr\/wp-json\/wp\/v2\/media\/41279"}],"wp:attachment":[{"href":"https:\/\/chapal.fr\/fr\/wp-json\/wp\/v2\/media?parent=41272"}],"wp:term":[{"taxonomy":"product_cat","embeddable":true,"href":"https:\/\/chapal.fr\/fr\/wp-json\/wp\/v2\/product_cat?post=41272"},{"taxonomy":"product_tag","embeddable":true,"href":"https:\/\/chapal.fr\/fr\/wp-json\/wp\/v2\/product_tag?post=41272"}],"curies":[{"name":"wp","href":"https:\/\/api.w.org\/{rel}","templated":true}]}}