{"id":41117,"date":"2025-09-10T10:27:32","date_gmt":"2025-09-10T10:27:37","guid":{"rendered":"https:\/\/chapal.fr\/?post_type=product&#038;p=41117"},"modified":"2026-01-09T04:09:18","modified_gmt":"2026-01-09T04:09:18","slug":"jeans-2020-af-vintage-toile-denim-chapal","status":"publish","type":"product","link":"https:\/\/chapal.fr\/fr\/produit\/jeans-2020-af-vintage-toile-denim-chapal\/","title":{"rendered":"Jeans 2020 AF &#8211; Vintage"},"content":{"rendered":"","protected":false},"excerpt":{"rendered":"<p>Toile denim stretch<br \/>\nCoupe \u00e9vas\u00e9e et fitt\u00e9e<\/p>\n<p>\u00c9tat : Tr\u00e8s bon \u00e9tat<\/p>\n","protected":false},"featured_media":22580,"template":"","meta":[],"product_cat":[2799],"product_tag":[],"acf":[],"_links":{"self":[{"href":"https:\/\/chapal.fr\/fr\/wp-json\/wp\/v2\/product\/41117"}],"collection":[{"href":"https:\/\/chapal.fr\/fr\/wp-json\/wp\/v2\/product"}],"about":[{"href":"https:\/\/chapal.fr\/fr\/wp-json\/wp\/v2\/types\/product"}],"wp:featuredmedia":[{"embeddable":true,"href":"https:\/\/chapal.fr\/fr\/wp-json\/wp\/v2\/media\/22580"}],"wp:attachment":[{"href":"https:\/\/chapal.fr\/fr\/wp-json\/wp\/v2\/media?parent=41117"}],"wp:term":[{"taxonomy":"product_cat","embeddable":true,"href":"https:\/\/chapal.fr\/fr\/wp-json\/wp\/v2\/product_cat?post=41117"},{"taxonomy":"product_tag","embeddable":true,"href":"https:\/\/chapal.fr\/fr\/wp-json\/wp\/v2\/product_tag?post=41117"}],"curies":[{"name":"wp","href":"https:\/\/api.w.org\/{rel}","templated":true}]}}