{"id":41101,"date":"2025-09-10T08:56:02","date_gmt":"2025-09-10T08:56:07","guid":{"rendered":"https:\/\/chapal.fr\/?post_type=product&#038;p=41101"},"modified":"2026-01-09T04:10:04","modified_gmt":"2026-01-09T04:10:04","slug":"jeans-teatro-vintage-denim-cuir-orange-chapal","status":"publish","type":"product","link":"https:\/\/chapal.fr\/fr\/produit\/jeans-teatro-vintage-denim-cuir-orange-chapal\/","title":{"rendered":"Jeans Teatro &#8211; Vintage"},"content":{"rendered":"","protected":false},"excerpt":{"rendered":"<p>Toile denim<br \/>\nEmpi\u00e8cements en cuir glac\u00e9 orange<br \/>\nBride au dos<br \/>\nCoupe droite<\/p>\n<p>\u00c9tat : Tr\u00e8s bon \u00e9tat<\/p>\n","protected":false},"featured_media":41106,"template":"","meta":[],"product_cat":[2799],"product_tag":[],"acf":[],"_links":{"self":[{"href":"https:\/\/chapal.fr\/fr\/wp-json\/wp\/v2\/product\/41101"}],"collection":[{"href":"https:\/\/chapal.fr\/fr\/wp-json\/wp\/v2\/product"}],"about":[{"href":"https:\/\/chapal.fr\/fr\/wp-json\/wp\/v2\/types\/product"}],"wp:featuredmedia":[{"embeddable":true,"href":"https:\/\/chapal.fr\/fr\/wp-json\/wp\/v2\/media\/41106"}],"wp:attachment":[{"href":"https:\/\/chapal.fr\/fr\/wp-json\/wp\/v2\/media?parent=41101"}],"wp:term":[{"taxonomy":"product_cat","embeddable":true,"href":"https:\/\/chapal.fr\/fr\/wp-json\/wp\/v2\/product_cat?post=41101"},{"taxonomy":"product_tag","embeddable":true,"href":"https:\/\/chapal.fr\/fr\/wp-json\/wp\/v2\/product_tag?post=41101"}],"curies":[{"name":"wp","href":"https:\/\/api.w.org\/{rel}","templated":true}]}}