{"id":41035,"date":"2025-09-08T12:42:16","date_gmt":"2025-09-08T12:42:22","guid":{"rendered":"https:\/\/chapal.fr\/?post_type=product&#038;p=41035"},"modified":"2026-01-09T04:11:15","modified_gmt":"2026-01-09T04:11:15","slug":"porte-document-vintage-cuir-vegetal-tan-chapal","status":"publish","type":"product","link":"https:\/\/chapal.fr\/fr\/produit\/porte-document-vintage-cuir-vegetal-tan-chapal\/","title":{"rendered":"Porte-Document &#8211; Vintage"},"content":{"rendered":"","protected":false},"excerpt":{"rendered":"<p>Cuir v\u00e9g\u00e9tal<br \/>\nCouleur Tan<br \/>\nDimensions en cm : 21 x 14,8<\/p>\n<p>\u00c9tat : Tr\u00e8s bon \u00e9tat<\/p>\n","protected":false},"featured_media":41051,"template":"","meta":[],"product_cat":[2799],"product_tag":[],"acf":[],"_links":{"self":[{"href":"https:\/\/chapal.fr\/fr\/wp-json\/wp\/v2\/product\/41035"}],"collection":[{"href":"https:\/\/chapal.fr\/fr\/wp-json\/wp\/v2\/product"}],"about":[{"href":"https:\/\/chapal.fr\/fr\/wp-json\/wp\/v2\/types\/product"}],"wp:featuredmedia":[{"embeddable":true,"href":"https:\/\/chapal.fr\/fr\/wp-json\/wp\/v2\/media\/41051"}],"wp:attachment":[{"href":"https:\/\/chapal.fr\/fr\/wp-json\/wp\/v2\/media?parent=41035"}],"wp:term":[{"taxonomy":"product_cat","embeddable":true,"href":"https:\/\/chapal.fr\/fr\/wp-json\/wp\/v2\/product_cat?post=41035"},{"taxonomy":"product_tag","embeddable":true,"href":"https:\/\/chapal.fr\/fr\/wp-json\/wp\/v2\/product_tag?post=41035"}],"curies":[{"name":"wp","href":"https:\/\/api.w.org\/{rel}","templated":true}]}}