{"id":41019,"date":"2025-09-05T13:01:09","date_gmt":"2025-09-05T13:01:12","guid":{"rendered":"https:\/\/chapal.fr\/?post_type=product&#038;p=41019"},"modified":"2026-01-09T04:13:50","modified_gmt":"2026-01-09T04:13:50","slug":"porte-document-vintage-cuir-glace-couleur-brun","status":"publish","type":"product","link":"https:\/\/chapal.fr\/fr\/produit\/porte-document-vintage-cuir-glace-couleur-brun\/","title":{"rendered":"Porte-Document &#8211; Vintage"},"content":{"rendered":"","protected":false},"excerpt":{"rendered":"<p>Cuir glac\u00e9<br \/>\nCouleur Brun<br \/>\nSurpiq\u00fbres oranges<br \/>\nDimensions en cm : 19 x 9,8<\/p>\n<p>\u00c9tat : Tr\u00e8s bon \u00e9tat<\/p>\n","protected":false},"featured_media":41025,"template":"","meta":[],"product_cat":[2799],"product_tag":[],"acf":[],"_links":{"self":[{"href":"https:\/\/chapal.fr\/fr\/wp-json\/wp\/v2\/product\/41019"}],"collection":[{"href":"https:\/\/chapal.fr\/fr\/wp-json\/wp\/v2\/product"}],"about":[{"href":"https:\/\/chapal.fr\/fr\/wp-json\/wp\/v2\/types\/product"}],"wp:featuredmedia":[{"embeddable":true,"href":"https:\/\/chapal.fr\/fr\/wp-json\/wp\/v2\/media\/41025"}],"wp:attachment":[{"href":"https:\/\/chapal.fr\/fr\/wp-json\/wp\/v2\/media?parent=41019"}],"wp:term":[{"taxonomy":"product_cat","embeddable":true,"href":"https:\/\/chapal.fr\/fr\/wp-json\/wp\/v2\/product_cat?post=41019"},{"taxonomy":"product_tag","embeddable":true,"href":"https:\/\/chapal.fr\/fr\/wp-json\/wp\/v2\/product_tag?post=41019"}],"curies":[{"name":"wp","href":"https:\/\/api.w.org\/{rel}","templated":true}]}}