{"id":41004,"date":"2025-09-01T13:40:39","date_gmt":"2025-09-01T13:40:44","guid":{"rendered":"https:\/\/chapal.fr\/?post_type=product&#038;p=41004"},"modified":"2026-01-09T04:27:45","modified_gmt":"2026-01-09T04:27:45","slug":"porte-carte-vintage-cuir-vegetal-couleur-tan","status":"publish","type":"product","link":"https:\/\/chapal.fr\/fr\/produit\/porte-carte-vintage-cuir-vegetal-couleur-tan\/","title":{"rendered":"Porte-Carte &#8211; Vintage"},"content":{"rendered":"","protected":false},"excerpt":{"rendered":"<p>Cuir glac\u00e9<br \/>\nCouleur Tan<br \/>\nDimensions en cm : 21 x 10,2<\/p>\n<p>\u00c9tat : Tr\u00e8s bon \u00e9tat<\/p>\n","protected":false},"featured_media":41007,"template":"","meta":[],"product_cat":[2799],"product_tag":[],"acf":[],"_links":{"self":[{"href":"https:\/\/chapal.fr\/fr\/wp-json\/wp\/v2\/product\/41004"}],"collection":[{"href":"https:\/\/chapal.fr\/fr\/wp-json\/wp\/v2\/product"}],"about":[{"href":"https:\/\/chapal.fr\/fr\/wp-json\/wp\/v2\/types\/product"}],"wp:featuredmedia":[{"embeddable":true,"href":"https:\/\/chapal.fr\/fr\/wp-json\/wp\/v2\/media\/41007"}],"wp:attachment":[{"href":"https:\/\/chapal.fr\/fr\/wp-json\/wp\/v2\/media?parent=41004"}],"wp:term":[{"taxonomy":"product_cat","embeddable":true,"href":"https:\/\/chapal.fr\/fr\/wp-json\/wp\/v2\/product_cat?post=41004"},{"taxonomy":"product_tag","embeddable":true,"href":"https:\/\/chapal.fr\/fr\/wp-json\/wp\/v2\/product_tag?post=41004"}],"curies":[{"name":"wp","href":"https:\/\/api.w.org\/{rel}","templated":true}]}}