{"id":40989,"date":"2025-09-01T13:07:40","date_gmt":"2025-09-01T13:07:48","guid":{"rendered":"https:\/\/chapal.fr\/?post_type=product&#038;p=40989"},"modified":"2026-01-08T23:41:06","modified_gmt":"2026-01-08T23:41:06","slug":"ceinture-pilote-vintage-cuir-glace-orange","status":"publish","type":"product","link":"https:\/\/chapal.fr\/fr\/produit\/ceinture-pilote-vintage-cuir-glace-orange\/","title":{"rendered":"Ceinture Pilote &#8211; Vintage"},"content":{"rendered":"","protected":false},"excerpt":{"rendered":"<p>Cuir glac\u00e9<br \/>\nCouleur Orange<br \/>\nBoucle en laiton<\/p>\n<p>\u00c9tat : Tr\u00e8s bon \u00e9tat<\/p>\n","protected":false},"featured_media":41001,"template":"","meta":[],"product_cat":[2799],"product_tag":[],"acf":[],"_links":{"self":[{"href":"https:\/\/chapal.fr\/fr\/wp-json\/wp\/v2\/product\/40989"}],"collection":[{"href":"https:\/\/chapal.fr\/fr\/wp-json\/wp\/v2\/product"}],"about":[{"href":"https:\/\/chapal.fr\/fr\/wp-json\/wp\/v2\/types\/product"}],"wp:featuredmedia":[{"embeddable":true,"href":"https:\/\/chapal.fr\/fr\/wp-json\/wp\/v2\/media\/41001"}],"wp:attachment":[{"href":"https:\/\/chapal.fr\/fr\/wp-json\/wp\/v2\/media?parent=40989"}],"wp:term":[{"taxonomy":"product_cat","embeddable":true,"href":"https:\/\/chapal.fr\/fr\/wp-json\/wp\/v2\/product_cat?post=40989"},{"taxonomy":"product_tag","embeddable":true,"href":"https:\/\/chapal.fr\/fr\/wp-json\/wp\/v2\/product_tag?post=40989"}],"curies":[{"name":"wp","href":"https:\/\/api.w.org\/{rel}","templated":true}]}}