{"id":40959,"date":"2025-08-29T14:09:23","date_gmt":"2025-08-29T14:09:29","guid":{"rendered":"https:\/\/chapal.fr\/?post_type=product&#038;p=40959"},"modified":"2026-01-08T23:43:01","modified_gmt":"2026-01-08T23:43:01","slug":"chaussures-de-ville-peintes-vintage-cuir-noir","status":"publish","type":"product","link":"https:\/\/chapal.fr\/fr\/produit\/chaussures-de-ville-peintes-vintage-cuir-noir\/","title":{"rendered":"Chaussures de Ville Peintes &#8211; Vintage"},"content":{"rendered":"","protected":false},"excerpt":{"rendered":"<p>Cuir glac\u00e9<br \/>\nCouleur Noir<br \/>\nPeinture \u00e0 la main<\/p>\n<p>\u00c9tat : Tr\u00e8s bon \u00e9tat<\/p>\n","protected":false},"featured_media":40966,"template":"","meta":[],"product_cat":[2799],"product_tag":[],"acf":[],"_links":{"self":[{"href":"https:\/\/chapal.fr\/fr\/wp-json\/wp\/v2\/product\/40959"}],"collection":[{"href":"https:\/\/chapal.fr\/fr\/wp-json\/wp\/v2\/product"}],"about":[{"href":"https:\/\/chapal.fr\/fr\/wp-json\/wp\/v2\/types\/product"}],"wp:featuredmedia":[{"embeddable":true,"href":"https:\/\/chapal.fr\/fr\/wp-json\/wp\/v2\/media\/40966"}],"wp:attachment":[{"href":"https:\/\/chapal.fr\/fr\/wp-json\/wp\/v2\/media?parent=40959"}],"wp:term":[{"taxonomy":"product_cat","embeddable":true,"href":"https:\/\/chapal.fr\/fr\/wp-json\/wp\/v2\/product_cat?post=40959"},{"taxonomy":"product_tag","embeddable":true,"href":"https:\/\/chapal.fr\/fr\/wp-json\/wp\/v2\/product_tag?post=40959"}],"curies":[{"name":"wp","href":"https:\/\/api.w.org\/{rel}","templated":true}]}}