{"id":40651,"date":"2025-07-08T15:22:02","date_gmt":"2025-07-08T15:21:57","guid":{"rendered":"https:\/\/chapal.fr\/?post_type=product&#038;p=40651"},"modified":"2026-01-08T23:46:33","modified_gmt":"2026-01-08T23:46:33","slug":"gilet-a-bandes-vintage-gabardine-coton-cuir","status":"publish","type":"product","link":"https:\/\/chapal.fr\/fr\/produit\/gilet-a-bandes-vintage-gabardine-coton-cuir\/","title":{"rendered":"Gilet \u00e0 Bandes &#8211; Vintage"},"content":{"rendered":"","protected":false},"excerpt":{"rendered":"<p>Gabardine de coton<br \/>\nCouleur \u00c9cru<br \/>\nD\u00e9tails en cuir glac\u00e9 bleu<br \/>\nDoublure en gabardine de coton<\/p>\n<p>\u00c9tat : Tr\u00e8s bon \u00e9tat<\/p>\n","protected":false},"featured_media":40660,"template":"","meta":[],"product_cat":[2799],"product_tag":[],"acf":[],"_links":{"self":[{"href":"https:\/\/chapal.fr\/fr\/wp-json\/wp\/v2\/product\/40651"}],"collection":[{"href":"https:\/\/chapal.fr\/fr\/wp-json\/wp\/v2\/product"}],"about":[{"href":"https:\/\/chapal.fr\/fr\/wp-json\/wp\/v2\/types\/product"}],"wp:featuredmedia":[{"embeddable":true,"href":"https:\/\/chapal.fr\/fr\/wp-json\/wp\/v2\/media\/40660"}],"wp:attachment":[{"href":"https:\/\/chapal.fr\/fr\/wp-json\/wp\/v2\/media?parent=40651"}],"wp:term":[{"taxonomy":"product_cat","embeddable":true,"href":"https:\/\/chapal.fr\/fr\/wp-json\/wp\/v2\/product_cat?post=40651"},{"taxonomy":"product_tag","embeddable":true,"href":"https:\/\/chapal.fr\/fr\/wp-json\/wp\/v2\/product_tag?post=40651"}],"curies":[{"name":"wp","href":"https:\/\/api.w.org\/{rel}","templated":true}]}}