{"id":40615,"date":"2025-07-08T13:42:12","date_gmt":"2025-07-08T13:42:18","guid":{"rendered":"https:\/\/chapal.fr\/?post_type=product&#038;p=40615"},"modified":"2026-01-09T04:29:57","modified_gmt":"2026-01-09T04:29:57","slug":"pull-n1-vintage-laine-merinos-couleur-noir","status":"publish","type":"product","link":"https:\/\/chapal.fr\/fr\/produit\/pull-n1-vintage-laine-merinos-couleur-noir\/","title":{"rendered":"Pull N\u00b01 &#8211; Vintage"},"content":{"rendered":"","protected":false},"excerpt":{"rendered":"<p class=\"p1\">Laine M\u00e9rinos<br \/>\nCouleur Noir<br \/>\nBord c\u00f4te en Cashwool laine<br \/>\n2 boutons en corne sur l\u2019\u00e9paule<\/p>\n<p>\u00c9tat : Tr\u00e8s bon \u00e9tat<\/p>\n","protected":false},"featured_media":40622,"template":"","meta":[],"product_cat":[2799],"product_tag":[],"acf":[],"_links":{"self":[{"href":"https:\/\/chapal.fr\/fr\/wp-json\/wp\/v2\/product\/40615"}],"collection":[{"href":"https:\/\/chapal.fr\/fr\/wp-json\/wp\/v2\/product"}],"about":[{"href":"https:\/\/chapal.fr\/fr\/wp-json\/wp\/v2\/types\/product"}],"wp:featuredmedia":[{"embeddable":true,"href":"https:\/\/chapal.fr\/fr\/wp-json\/wp\/v2\/media\/40622"}],"wp:attachment":[{"href":"https:\/\/chapal.fr\/fr\/wp-json\/wp\/v2\/media?parent=40615"}],"wp:term":[{"taxonomy":"product_cat","embeddable":true,"href":"https:\/\/chapal.fr\/fr\/wp-json\/wp\/v2\/product_cat?post=40615"},{"taxonomy":"product_tag","embeddable":true,"href":"https:\/\/chapal.fr\/fr\/wp-json\/wp\/v2\/product_tag?post=40615"}],"curies":[{"name":"wp","href":"https:\/\/api.w.org\/{rel}","templated":true}]}}