{"id":40338,"date":"2025-06-25T16:08:06","date_gmt":"2025-06-25T16:26:06","guid":{"rendered":"https:\/\/chapal.fr\/?post_type=product&#038;p=40338"},"modified":"2026-01-08T23:49:45","modified_gmt":"2026-01-08T23:49:45","slug":"sac-souple-vintage-laine-merinos-cuir-glace","status":"publish","type":"product","link":"https:\/\/chapal.fr\/fr\/produit\/sac-souple-vintage-laine-merinos-cuir-glace\/","title":{"rendered":"Sac Souple &#8211; Vintage"},"content":{"rendered":"","protected":false},"excerpt":{"rendered":"<p>Laine M\u00e9rinos<br \/>\nAnses en cuir glac\u00e9<br \/>\nCouleurs Noir et Gris<br \/>\nDoublure en gabardine de coton<\/p>\n<p>Dimensions en cm : 53 x 19 x 32\u00a0 \u00a0 \u00a0 anses\u00a0 28<\/p>\n<p>\u00c9tat : Tr\u00e8s bon \u00e9tat<\/p>\n","protected":false},"featured_media":40337,"template":"","meta":[],"product_cat":[2799],"product_tag":[],"acf":[],"_links":{"self":[{"href":"https:\/\/chapal.fr\/fr\/wp-json\/wp\/v2\/product\/40338"}],"collection":[{"href":"https:\/\/chapal.fr\/fr\/wp-json\/wp\/v2\/product"}],"about":[{"href":"https:\/\/chapal.fr\/fr\/wp-json\/wp\/v2\/types\/product"}],"wp:featuredmedia":[{"embeddable":true,"href":"https:\/\/chapal.fr\/fr\/wp-json\/wp\/v2\/media\/40337"}],"wp:attachment":[{"href":"https:\/\/chapal.fr\/fr\/wp-json\/wp\/v2\/media?parent=40338"}],"wp:term":[{"taxonomy":"product_cat","embeddable":true,"href":"https:\/\/chapal.fr\/fr\/wp-json\/wp\/v2\/product_cat?post=40338"},{"taxonomy":"product_tag","embeddable":true,"href":"https:\/\/chapal.fr\/fr\/wp-json\/wp\/v2\/product_tag?post=40338"}],"curies":[{"name":"wp","href":"https:\/\/api.w.org\/{rel}","templated":true}]}}