{"id":40253,"date":"2025-06-25T13:59:55","date_gmt":"2025-06-25T14:00:09","guid":{"rendered":"https:\/\/chapal.fr\/?post_type=product&#038;p=40253"},"modified":"2026-01-08T23:48:20","modified_gmt":"2026-01-08T23:48:20","slug":"mallette-mosaique-vintage-cuir-glace-rouge-bleu","status":"publish","type":"product","link":"https:\/\/chapal.fr\/fr\/produit\/mallette-mosaique-vintage-cuir-glace-rouge-bleu\/","title":{"rendered":"Mallette Mosa\u00efque &#8211; Vintage"},"content":{"rendered":"","protected":false},"excerpt":{"rendered":"<p>Cuir glac\u00e9<br \/>\nCouleurs Rouge &amp; Bleu<br \/>\nDoublure en gabardine de coton<br \/>\nFermeture \u00e0 glissi\u00e8re en laiton nickel\u00e9 &#8211; Riri<\/p>\n<p>Dimensions en cm : 43 x 30 x 8\u00a0 \u00a0anses 22<\/p>\n<p>\u00c9tat : Tr\u00e8s bon \u00e9tat<\/p>\n","protected":false},"featured_media":40260,"template":"","meta":[],"product_cat":[2799],"product_tag":[],"acf":[],"_links":{"self":[{"href":"https:\/\/chapal.fr\/fr\/wp-json\/wp\/v2\/product\/40253"}],"collection":[{"href":"https:\/\/chapal.fr\/fr\/wp-json\/wp\/v2\/product"}],"about":[{"href":"https:\/\/chapal.fr\/fr\/wp-json\/wp\/v2\/types\/product"}],"wp:featuredmedia":[{"embeddable":true,"href":"https:\/\/chapal.fr\/fr\/wp-json\/wp\/v2\/media\/40260"}],"wp:attachment":[{"href":"https:\/\/chapal.fr\/fr\/wp-json\/wp\/v2\/media?parent=40253"}],"wp:term":[{"taxonomy":"product_cat","embeddable":true,"href":"https:\/\/chapal.fr\/fr\/wp-json\/wp\/v2\/product_cat?post=40253"},{"taxonomy":"product_tag","embeddable":true,"href":"https:\/\/chapal.fr\/fr\/wp-json\/wp\/v2\/product_tag?post=40253"}],"curies":[{"name":"wp","href":"https:\/\/api.w.org\/{rel}","templated":true}]}}