{"id":39559,"date":"2025-05-08T18:08:08","date_gmt":"2025-05-08T18:08:08","guid":{"rendered":"https:\/\/chapal.fr\/produit\/ae-1932-vintage-cuir-velours-couleur-gris-chapal\/"},"modified":"2026-02-12T18:25:34","modified_gmt":"2026-02-12T18:25:34","slug":"ae-1932-vintage-cuir-velours-gris-chapal","status":"publish","type":"product","link":"https:\/\/chapal.fr\/fr\/produit\/ae-1932-vintage-cuir-velours-gris-chapal\/","title":{"rendered":"AE 1932 &#8211; Vintage"},"content":{"rendered":"<h3><strong>Historique <\/strong><span style=\"color: #ffffff;\"><strong>AE 1932 &#8211; <\/strong><\/span><strong style=\"color: #ffffff;\">V<\/strong><strong style=\"color: #ffffff;\">INTAGE<\/strong><\/h3>\n<p>La veste AE 1932 a \u00e9t\u00e9 cr\u00e9\u00e9e en hommage aux femmes pionni\u00e8res de l&rsquo;aviation du d\u00e9but des ann\u00e9es 1930.<br \/>\nL&rsquo;\u00e9l\u00e9gance et l&rsquo;aventure sont les symboles de cette veste originale en cuir velours, courte et l\u00e9g\u00e8re.<\/p>\n","protected":false},"excerpt":{"rendered":"<p>Cuir velours<br \/>\nCouleur Gris<br \/>\nDoublure en popeline de coton<br \/>\nBord c\u00f4te en Cashwool laine<br \/>\nFermeture par 7 boutons en corne<\/p>\n<p>\u00c9tat: Seconde main<\/p>\n","protected":false},"featured_media":39555,"template":"","meta":[],"product_cat":[2799],"product_tag":[],"acf":[],"_links":{"self":[{"href":"https:\/\/chapal.fr\/fr\/wp-json\/wp\/v2\/product\/39559"}],"collection":[{"href":"https:\/\/chapal.fr\/fr\/wp-json\/wp\/v2\/product"}],"about":[{"href":"https:\/\/chapal.fr\/fr\/wp-json\/wp\/v2\/types\/product"}],"wp:featuredmedia":[{"embeddable":true,"href":"https:\/\/chapal.fr\/fr\/wp-json\/wp\/v2\/media\/39555"}],"wp:attachment":[{"href":"https:\/\/chapal.fr\/fr\/wp-json\/wp\/v2\/media?parent=39559"}],"wp:term":[{"taxonomy":"product_cat","embeddable":true,"href":"https:\/\/chapal.fr\/fr\/wp-json\/wp\/v2\/product_cat?post=39559"},{"taxonomy":"product_tag","embeddable":true,"href":"https:\/\/chapal.fr\/fr\/wp-json\/wp\/v2\/product_tag?post=39559"}],"curies":[{"name":"wp","href":"https:\/\/api.w.org\/{rel}","templated":true}]}}