{"id":39498,"date":"2025-05-08T14:24:15","date_gmt":"2025-05-08T14:24:15","guid":{"rendered":"https:\/\/chapal.fr\/produit\/vegetal-2-cuir-vegetal-couleur-vert-chapal\/"},"modified":"2026-03-11T21:04:14","modified_gmt":"2026-03-11T21:04:14","slug":"vegetal-2-cuir-vegetal-couleur-vert-chapal","status":"publish","type":"product","link":"https:\/\/chapal.fr\/fr\/produit\/vegetal-2-cuir-vegetal-couleur-vert-chapal\/","title":{"rendered":"V\u00e9g\u00e9tal 2"},"content":{"rendered":"","protected":false},"excerpt":{"rendered":"<p>Cuir v\u00e9g\u00e9tal<br \/>\nDoublure en soie bleue<br \/>\nFermeture \u00e0 glissi\u00e8re en laiton nickel\u00e9 &#8211; Riri<br \/>\nUne poche int\u00e9rieure<\/p>\n","protected":false},"featured_media":39487,"template":"","meta":[],"product_cat":[1315],"product_tag":[],"acf":[],"_links":{"self":[{"href":"https:\/\/chapal.fr\/fr\/wp-json\/wp\/v2\/product\/39498"}],"collection":[{"href":"https:\/\/chapal.fr\/fr\/wp-json\/wp\/v2\/product"}],"about":[{"href":"https:\/\/chapal.fr\/fr\/wp-json\/wp\/v2\/types\/product"}],"wp:featuredmedia":[{"embeddable":true,"href":"https:\/\/chapal.fr\/fr\/wp-json\/wp\/v2\/media\/39487"}],"wp:attachment":[{"href":"https:\/\/chapal.fr\/fr\/wp-json\/wp\/v2\/media?parent=39498"}],"wp:term":[{"taxonomy":"product_cat","embeddable":true,"href":"https:\/\/chapal.fr\/fr\/wp-json\/wp\/v2\/product_cat?post=39498"},{"taxonomy":"product_tag","embeddable":true,"href":"https:\/\/chapal.fr\/fr\/wp-json\/wp\/v2\/product_tag?post=39498"}],"curies":[{"name":"wp","href":"https:\/\/api.w.org\/{rel}","templated":true}]}}