{"id":39462,"date":"2025-05-08T10:19:22","date_gmt":"2025-05-08T10:19:22","guid":{"rendered":"https:\/\/chapal.fr\/produit\/vegetal-1-cuir-vegetal-couleur-bleu-chapal\/"},"modified":"2026-03-11T21:12:42","modified_gmt":"2026-03-11T21:12:42","slug":"vegetal-1-cuir-vegetal-couleur-bleu-chapal","status":"publish","type":"product","link":"https:\/\/chapal.fr\/fr\/produit\/vegetal-1-cuir-vegetal-couleur-bleu-chapal\/","title":{"rendered":"V\u00e9g\u00e9tal 1"},"content":{"rendered":"","protected":false},"excerpt":{"rendered":"<p>Cuir v\u00e9g\u00e9tal<br \/>\nDoublure en soie dor\u00e9e<br \/>\nBord c\u00f4te en Cashwool laine<br \/>\nFermeture \u00e0 glissi\u00e8re en laiton nickel\u00e9 &#8211; Riri<br \/>\nUne poche int\u00e9rieure<\/p>\n","protected":false},"featured_media":39471,"template":"","meta":[],"product_cat":[1315],"product_tag":[],"acf":[],"_links":{"self":[{"href":"https:\/\/chapal.fr\/fr\/wp-json\/wp\/v2\/product\/39462"}],"collection":[{"href":"https:\/\/chapal.fr\/fr\/wp-json\/wp\/v2\/product"}],"about":[{"href":"https:\/\/chapal.fr\/fr\/wp-json\/wp\/v2\/types\/product"}],"wp:featuredmedia":[{"embeddable":true,"href":"https:\/\/chapal.fr\/fr\/wp-json\/wp\/v2\/media\/39471"}],"wp:attachment":[{"href":"https:\/\/chapal.fr\/fr\/wp-json\/wp\/v2\/media?parent=39462"}],"wp:term":[{"taxonomy":"product_cat","embeddable":true,"href":"https:\/\/chapal.fr\/fr\/wp-json\/wp\/v2\/product_cat?post=39462"},{"taxonomy":"product_tag","embeddable":true,"href":"https:\/\/chapal.fr\/fr\/wp-json\/wp\/v2\/product_tag?post=39462"}],"curies":[{"name":"wp","href":"https:\/\/api.w.org\/{rel}","templated":true}]}}