{"id":39152,"date":"2025-04-22T13:14:41","date_gmt":"2025-04-22T13:14:41","guid":{"rendered":"https:\/\/chapal.fr\/?post_type=product&#038;p=39152"},"modified":"2026-01-08T23:33:34","modified_gmt":"2026-01-08T23:33:34","slug":"chronographe-1972-sky-red-blue-kelton-chapal","status":"publish","type":"product","link":"https:\/\/chapal.fr\/fr\/produit\/chronographe-1972-sky-red-blue-kelton-chapal\/","title":{"rendered":"Chronographe 1972 Sky Red &#038; Blue"},"content":{"rendered":"","protected":false},"excerpt":{"rendered":"<p>Chronographe m\u00e9canique \u00e0 remontage manuel<\/p>\n<p>\u00c9paisseur : 13 mm<br \/>\nDiam\u00e8tre du bo\u00eetier : 40 mm<br \/>\nBo\u00eetier : Acier inox sabl\u00e9 316 L<br \/>\nMouvement : Seagull St 1901<br \/>\nVerre : Saphir<br \/>\n\u00c9tanch\u00e9it\u00e9 : 10 ATM<br \/>\nSp\u00e9cificit\u00e9 : SuperLuminova (aiguilles des heures et des minutes)<\/p>\n<p>Bracelet en cuir laqu\u00e9 CHAPALAC<br \/>\nBouton fermoir en laiton nickel\u00e9<\/p>\n<p>50 exemplaires<\/p>\n","protected":false},"featured_media":39183,"template":"","meta":[],"product_cat":[2797],"product_tag":[],"acf":[],"_links":{"self":[{"href":"https:\/\/chapal.fr\/fr\/wp-json\/wp\/v2\/product\/39152"}],"collection":[{"href":"https:\/\/chapal.fr\/fr\/wp-json\/wp\/v2\/product"}],"about":[{"href":"https:\/\/chapal.fr\/fr\/wp-json\/wp\/v2\/types\/product"}],"wp:featuredmedia":[{"embeddable":true,"href":"https:\/\/chapal.fr\/fr\/wp-json\/wp\/v2\/media\/39183"}],"wp:attachment":[{"href":"https:\/\/chapal.fr\/fr\/wp-json\/wp\/v2\/media?parent=39152"}],"wp:term":[{"taxonomy":"product_cat","embeddable":true,"href":"https:\/\/chapal.fr\/fr\/wp-json\/wp\/v2\/product_cat?post=39152"},{"taxonomy":"product_tag","embeddable":true,"href":"https:\/\/chapal.fr\/fr\/wp-json\/wp\/v2\/product_tag?post=39152"}],"curies":[{"name":"wp","href":"https:\/\/api.w.org\/{rel}","templated":true}]}}