{"id":38443,"date":"2024-11-28T08:38:05","date_gmt":"2024-11-28T08:38:05","guid":{"rendered":"https:\/\/chapal.fr\/produit\/usaaf-toile-vintage\/"},"modified":"2025-05-14T15:14:21","modified_gmt":"2025-05-14T15:14:21","slug":"toile-usaaf-vintage-gabardine-cotton-chapal","status":"publish","type":"product","link":"https:\/\/chapal.fr\/fr\/produit\/toile-usaaf-vintage-gabardine-cotton-chapal\/","title":{"rendered":"Toile &#8211; USAAF &#8211; Vintage"},"content":{"rendered":"","protected":false},"excerpt":{"rendered":"<p>Gabardine de coton<br \/>\nCouleur \u00c9cru<br \/>\nBord c\u00f4te en Cashwool laine<br \/>\nFermeture \u00e0 glissi\u00e8re en laiton \u2013 Riri<\/p>\n<p>\u00c9tat : Tr\u00e8s bon \u00e9tat<\/p>\n","protected":false},"featured_media":39646,"template":"","meta":[],"product_cat":[2799],"product_tag":[],"acf":[],"_links":{"self":[{"href":"https:\/\/chapal.fr\/fr\/wp-json\/wp\/v2\/product\/38443"}],"collection":[{"href":"https:\/\/chapal.fr\/fr\/wp-json\/wp\/v2\/product"}],"about":[{"href":"https:\/\/chapal.fr\/fr\/wp-json\/wp\/v2\/types\/product"}],"wp:featuredmedia":[{"embeddable":true,"href":"https:\/\/chapal.fr\/fr\/wp-json\/wp\/v2\/media\/39646"}],"wp:attachment":[{"href":"https:\/\/chapal.fr\/fr\/wp-json\/wp\/v2\/media?parent=38443"}],"wp:term":[{"taxonomy":"product_cat","embeddable":true,"href":"https:\/\/chapal.fr\/fr\/wp-json\/wp\/v2\/product_cat?post=38443"},{"taxonomy":"product_tag","embeddable":true,"href":"https:\/\/chapal.fr\/fr\/wp-json\/wp\/v2\/product_tag?post=38443"}],"curies":[{"name":"wp","href":"https:\/\/api.w.org\/{rel}","templated":true}]}}