{"id":38411,"date":"2024-11-27T11:19:29","date_gmt":"2024-11-27T11:19:25","guid":{"rendered":"https:\/\/chapal.fr\/?post_type=product&#038;p=38411"},"modified":"2025-07-08T16:48:06","modified_gmt":"2025-07-08T16:48:06","slug":"chapalac-vintage-cuir-glace-bleu-blanc-chapal","status":"publish","type":"product","link":"https:\/\/chapal.fr\/fr\/produit\/chapalac-vintage-cuir-glace-bleu-blanc-chapal\/","title":{"rendered":"Chapalac &#8211; Vintage"},"content":{"rendered":"","protected":false},"excerpt":{"rendered":"<p>Cuir glac\u00e9<br \/>\nCouleurs Bleu et Blanc<br \/>\nSans capuche<br \/>\nDoublure en popeline ouatin\u00e9e<br \/>\nFermetures \u00e0 glissi\u00e8re en laiton \u2013 Riri<\/p>\n<p>\u00c9tat : Tr\u00e8s bon \u00e9tat<\/p>\n","protected":false},"featured_media":39821,"template":"","meta":[],"product_cat":[2799],"product_tag":[],"acf":[],"_links":{"self":[{"href":"https:\/\/chapal.fr\/fr\/wp-json\/wp\/v2\/product\/38411"}],"collection":[{"href":"https:\/\/chapal.fr\/fr\/wp-json\/wp\/v2\/product"}],"about":[{"href":"https:\/\/chapal.fr\/fr\/wp-json\/wp\/v2\/types\/product"}],"wp:featuredmedia":[{"embeddable":true,"href":"https:\/\/chapal.fr\/fr\/wp-json\/wp\/v2\/media\/39821"}],"wp:attachment":[{"href":"https:\/\/chapal.fr\/fr\/wp-json\/wp\/v2\/media?parent=38411"}],"wp:term":[{"taxonomy":"product_cat","embeddable":true,"href":"https:\/\/chapal.fr\/fr\/wp-json\/wp\/v2\/product_cat?post=38411"},{"taxonomy":"product_tag","embeddable":true,"href":"https:\/\/chapal.fr\/fr\/wp-json\/wp\/v2\/product_tag?post=38411"}],"curies":[{"name":"wp","href":"https:\/\/api.w.org\/{rel}","templated":true}]}}