{"id":37427,"date":"2024-07-29T13:31:44","date_gmt":"2024-07-29T13:31:47","guid":{"rendered":"https:\/\/chapal.fr\/?post_type=product&#038;p=37427"},"modified":"2024-10-18T08:14:27","modified_gmt":"2024-10-18T08:14:27","slug":"sac-roppongi-vintage","status":"publish","type":"product","link":"https:\/\/chapal.fr\/fr\/produit\/sac-roppongi-vintage\/","title":{"rendered":"Sac Roppongi &#8211; Vintage"},"content":{"rendered":"","protected":false},"excerpt":{"rendered":"<p class=\"p1\">Cuir glac\u00e9<br \/>\nPoign\u00e9es en cuir tann\u00e9 v\u00e9g\u00e9tal<br \/>\nDoublure en gabardine de coton<br \/>\nFermeture \u00e0 glissi\u00e8re en laiton &#8211; Riri<br \/>\nUne poche int\u00e9rieure<\/p>\n<p>Dimensions en cm : 55 x 27 x 30<\/p>\n<p>\u00c9tat : Seconde main<\/p>\n","protected":false},"featured_media":37431,"template":"","meta":[],"product_cat":[2799],"product_tag":[],"acf":[],"_links":{"self":[{"href":"https:\/\/chapal.fr\/fr\/wp-json\/wp\/v2\/product\/37427"}],"collection":[{"href":"https:\/\/chapal.fr\/fr\/wp-json\/wp\/v2\/product"}],"about":[{"href":"https:\/\/chapal.fr\/fr\/wp-json\/wp\/v2\/types\/product"}],"wp:featuredmedia":[{"embeddable":true,"href":"https:\/\/chapal.fr\/fr\/wp-json\/wp\/v2\/media\/37431"}],"wp:attachment":[{"href":"https:\/\/chapal.fr\/fr\/wp-json\/wp\/v2\/media?parent=37427"}],"wp:term":[{"taxonomy":"product_cat","embeddable":true,"href":"https:\/\/chapal.fr\/fr\/wp-json\/wp\/v2\/product_cat?post=37427"},{"taxonomy":"product_tag","embeddable":true,"href":"https:\/\/chapal.fr\/fr\/wp-json\/wp\/v2\/product_tag?post=37427"}],"curies":[{"name":"wp","href":"https:\/\/api.w.org\/{rel}","templated":true}]}}