{"id":37368,"date":"2024-07-26T14:49:52","date_gmt":"2024-07-26T14:50:02","guid":{"rendered":"https:\/\/chapal.fr\/?post_type=product&#038;p=37368"},"modified":"2024-10-31T17:57:35","modified_gmt":"2024-10-31T17:57:35","slug":"sac-souple-vintage","status":"publish","type":"product","link":"https:\/\/chapal.fr\/fr\/produit\/sac-souple-vintage\/","title":{"rendered":"Sac Souple &#8211; Vintage"},"content":{"rendered":"","protected":false},"excerpt":{"rendered":"<p class=\"p1\">Cuir glac\u00e9<br \/>\nAnses en cuir glac\u00e9<br \/>\nS\u00e9rigraphi\u00e9 \u00e0 la main<br \/>\nCinq poches int\u00e9rieures<\/p>\n<p>Dimensions en cm :<\/p>\n<p>Small\u00a0 \u00a0 \u00a0 \u00a0 36 x 13 x 20\u00a0 \u00a0 \u00a0 anses\u00a0 24<br \/>\nMedium\u00a0 \u00a0 42 x 15 x 25\u00a0 \u00a0 \u00a0 anses\u00a0 26<\/p>\n<p>\u00c9tat\u00a0:<br \/>\nS (noir ou brun) : Tr\u00e8s bon \u00e9tat &#8211; 770\u20ac<br \/>\nM (brun) : Seconde main &#8211; 660\u20ac<\/p>\n","protected":false},"featured_media":37397,"template":"","meta":[],"product_cat":[2799],"product_tag":[],"acf":[],"_links":{"self":[{"href":"https:\/\/chapal.fr\/fr\/wp-json\/wp\/v2\/product\/37368"}],"collection":[{"href":"https:\/\/chapal.fr\/fr\/wp-json\/wp\/v2\/product"}],"about":[{"href":"https:\/\/chapal.fr\/fr\/wp-json\/wp\/v2\/types\/product"}],"wp:featuredmedia":[{"embeddable":true,"href":"https:\/\/chapal.fr\/fr\/wp-json\/wp\/v2\/media\/37397"}],"wp:attachment":[{"href":"https:\/\/chapal.fr\/fr\/wp-json\/wp\/v2\/media?parent=37368"}],"wp:term":[{"taxonomy":"product_cat","embeddable":true,"href":"https:\/\/chapal.fr\/fr\/wp-json\/wp\/v2\/product_cat?post=37368"},{"taxonomy":"product_tag","embeddable":true,"href":"https:\/\/chapal.fr\/fr\/wp-json\/wp\/v2\/product_tag?post=37368"}],"curies":[{"name":"wp","href":"https:\/\/api.w.org\/{rel}","templated":true}]}}