{"id":37353,"date":"2024-07-26T14:22:21","date_gmt":"2024-07-26T14:22:23","guid":{"rendered":"https:\/\/chapal.fr\/?post_type=product&#038;p=37353"},"modified":"2024-10-18T08:28:04","modified_gmt":"2024-10-18T08:28:04","slug":"toile-blouson-anglais-vintage","status":"publish","type":"product","link":"https:\/\/chapal.fr\/fr\/produit\/toile-blouson-anglais-vintage\/","title":{"rendered":"Toile Blouson Anglais &#8211; Vintage"},"content":{"rendered":"","protected":false},"excerpt":{"rendered":"<p>Gabardine de coton<br \/>\nCouleur \u00c9cru<br \/>\nFermeture \u00e0 glissi\u00e8re en laiton \u2013 Rir<\/p>\n<p>\u00c9tat : Tr\u00e8s bon \u00e9tat<\/p>\n","protected":false},"featured_media":37356,"template":"","meta":[],"product_cat":[2799],"product_tag":[],"acf":[],"_links":{"self":[{"href":"https:\/\/chapal.fr\/fr\/wp-json\/wp\/v2\/product\/37353"}],"collection":[{"href":"https:\/\/chapal.fr\/fr\/wp-json\/wp\/v2\/product"}],"about":[{"href":"https:\/\/chapal.fr\/fr\/wp-json\/wp\/v2\/types\/product"}],"wp:featuredmedia":[{"embeddable":true,"href":"https:\/\/chapal.fr\/fr\/wp-json\/wp\/v2\/media\/37356"}],"wp:attachment":[{"href":"https:\/\/chapal.fr\/fr\/wp-json\/wp\/v2\/media?parent=37353"}],"wp:term":[{"taxonomy":"product_cat","embeddable":true,"href":"https:\/\/chapal.fr\/fr\/wp-json\/wp\/v2\/product_cat?post=37353"},{"taxonomy":"product_tag","embeddable":true,"href":"https:\/\/chapal.fr\/fr\/wp-json\/wp\/v2\/product_tag?post=37353"}],"curies":[{"name":"wp","href":"https:\/\/api.w.org\/{rel}","templated":true}]}}