{"id":37336,"date":"2024-07-26T13:39:39","date_gmt":"2024-07-26T13:39:41","guid":{"rendered":"https:\/\/chapal.fr\/?post_type=product&#038;p=37336"},"modified":"2026-03-02T20:01:03","modified_gmt":"2026-03-02T20:01:03","slug":"t-shirt-centenaire-1832-1932-vintage-chapal","status":"publish","type":"product","link":"https:\/\/chapal.fr\/fr\/produit\/t-shirt-centenaire-1832-1932-vintage-chapal\/","title":{"rendered":"T-shirt Centenaire 1832-1932 &#8211; Vintage"},"content":{"rendered":"","protected":false},"excerpt":{"rendered":"<p>Jersey de coton peign\u00e9<br \/>\nCouleur Blanc<br \/>\nS\u00e9rigraphi\u00e9 \u00e0 la main<br \/>\nManches courtes<br \/>\nCol rond<\/p>\n<p>\u00c9tat : Tr\u00e8s bon \u00e9tat<\/p>\n","protected":false},"featured_media":37339,"template":"","meta":[],"product_cat":[2799],"product_tag":[],"acf":[],"_links":{"self":[{"href":"https:\/\/chapal.fr\/fr\/wp-json\/wp\/v2\/product\/37336"}],"collection":[{"href":"https:\/\/chapal.fr\/fr\/wp-json\/wp\/v2\/product"}],"about":[{"href":"https:\/\/chapal.fr\/fr\/wp-json\/wp\/v2\/types\/product"}],"wp:featuredmedia":[{"embeddable":true,"href":"https:\/\/chapal.fr\/fr\/wp-json\/wp\/v2\/media\/37339"}],"wp:attachment":[{"href":"https:\/\/chapal.fr\/fr\/wp-json\/wp\/v2\/media?parent=37336"}],"wp:term":[{"taxonomy":"product_cat","embeddable":true,"href":"https:\/\/chapal.fr\/fr\/wp-json\/wp\/v2\/product_cat?post=37336"},{"taxonomy":"product_tag","embeddable":true,"href":"https:\/\/chapal.fr\/fr\/wp-json\/wp\/v2\/product_tag?post=37336"}],"curies":[{"name":"wp","href":"https:\/\/api.w.org\/{rel}","templated":true}]}}