{"id":37245,"date":"2024-07-26T08:55:33","date_gmt":"2024-07-26T08:55:28","guid":{"rendered":"https:\/\/chapal.fr\/?post_type=product&#038;p=37245"},"modified":"2024-10-18T08:04:03","modified_gmt":"2024-10-18T08:04:03","slug":"jeans-2006-a-vintage","status":"publish","type":"product","link":"https:\/\/chapal.fr\/fr\/produit\/jeans-2006-a-vintage\/","title":{"rendered":"Jeans 2006 A &#8211; Vintage"},"content":{"rendered":"","protected":false},"excerpt":{"rendered":"<p>Toile denim<br \/>\nFinition napp\u00e9e<br \/>\nCoupe droite et fitt\u00e9e<br \/>\n4 poches<\/p>\n<p>\u00c9tat : Tr\u00e8s bon \u00e9tat<\/p>\n","protected":false},"featured_media":22356,"template":"","meta":[],"product_cat":[2799],"product_tag":[],"acf":[],"_links":{"self":[{"href":"https:\/\/chapal.fr\/fr\/wp-json\/wp\/v2\/product\/37245"}],"collection":[{"href":"https:\/\/chapal.fr\/fr\/wp-json\/wp\/v2\/product"}],"about":[{"href":"https:\/\/chapal.fr\/fr\/wp-json\/wp\/v2\/types\/product"}],"wp:featuredmedia":[{"embeddable":true,"href":"https:\/\/chapal.fr\/fr\/wp-json\/wp\/v2\/media\/22356"}],"wp:attachment":[{"href":"https:\/\/chapal.fr\/fr\/wp-json\/wp\/v2\/media?parent=37245"}],"wp:term":[{"taxonomy":"product_cat","embeddable":true,"href":"https:\/\/chapal.fr\/fr\/wp-json\/wp\/v2\/product_cat?post=37245"},{"taxonomy":"product_tag","embeddable":true,"href":"https:\/\/chapal.fr\/fr\/wp-json\/wp\/v2\/product_tag?post=37245"}],"curies":[{"name":"wp","href":"https:\/\/api.w.org\/{rel}","templated":true}]}}