{"id":37190,"date":"2024-07-19T09:41:28","date_gmt":"2024-07-19T10:09:15","guid":{"rendered":"https:\/\/chapal.fr\/?post_type=product&#038;p=37190"},"modified":"2026-03-12T14:08:13","modified_gmt":"2026-03-12T14:08:13","slug":"ensemble-1960-popeline-coton-blouson-pantalon","status":"publish","type":"product","link":"https:\/\/chapal.fr\/fr\/produit\/ensemble-1960-popeline-coton-blouson-pantalon\/","title":{"rendered":"Ensemble 1960"},"content":{"rendered":"","protected":false},"excerpt":{"rendered":"<p>Popeline de coton<br \/>\nBoutons en corozo<br \/>\nFermeture <span class=\"s2\">\u00e0 glissi\u00e8re en laiton \u2013 Riri<\/span><\/p>\n<p>Pi\u00e8ces disponibles s\u00e9par\u00e9ment :<br \/>\nBlouson : 1 350\u20ac<br \/>\nPantalon : 850\u20ac<\/p>\n","protected":false},"featured_media":37610,"template":"","meta":[],"product_cat":[1312],"product_tag":[],"acf":[],"_links":{"self":[{"href":"https:\/\/chapal.fr\/fr\/wp-json\/wp\/v2\/product\/37190"}],"collection":[{"href":"https:\/\/chapal.fr\/fr\/wp-json\/wp\/v2\/product"}],"about":[{"href":"https:\/\/chapal.fr\/fr\/wp-json\/wp\/v2\/types\/product"}],"wp:featuredmedia":[{"embeddable":true,"href":"https:\/\/chapal.fr\/fr\/wp-json\/wp\/v2\/media\/37610"}],"wp:attachment":[{"href":"https:\/\/chapal.fr\/fr\/wp-json\/wp\/v2\/media?parent=37190"}],"wp:term":[{"taxonomy":"product_cat","embeddable":true,"href":"https:\/\/chapal.fr\/fr\/wp-json\/wp\/v2\/product_cat?post=37190"},{"taxonomy":"product_tag","embeddable":true,"href":"https:\/\/chapal.fr\/fr\/wp-json\/wp\/v2\/product_tag?post=37190"}],"curies":[{"name":"wp","href":"https:\/\/api.w.org\/{rel}","templated":true}]}}