{"id":35906,"date":"2024-02-19T10:36:19","date_gmt":"2024-02-19T10:36:20","guid":{"rendered":"https:\/\/chapal.fr\/?post_type=product&#038;p=35906"},"modified":"2024-10-18T08:05:11","modified_gmt":"2024-10-18T08:05:11","slug":"jeans-2008-ac-vintage","status":"publish","type":"product","link":"https:\/\/chapal.fr\/fr\/produit\/jeans-2008-ac-vintage\/","title":{"rendered":"Jeans 2008 AC &#8211; Vintage"},"content":{"rendered":"","protected":false},"excerpt":{"rendered":"<p>Toile denim<br \/>\nEmpi\u00e8cements en cuir glac\u00e9 bleu<br \/>\nCoupe ajust\u00e9e<\/p>\n<p>\u00c9tat : Tr\u00e8s bon \u00e9tat<\/p>\n","protected":false},"featured_media":33153,"template":"","meta":[],"product_cat":[2799],"product_tag":[],"acf":[],"_links":{"self":[{"href":"https:\/\/chapal.fr\/fr\/wp-json\/wp\/v2\/product\/35906"}],"collection":[{"href":"https:\/\/chapal.fr\/fr\/wp-json\/wp\/v2\/product"}],"about":[{"href":"https:\/\/chapal.fr\/fr\/wp-json\/wp\/v2\/types\/product"}],"wp:featuredmedia":[{"embeddable":true,"href":"https:\/\/chapal.fr\/fr\/wp-json\/wp\/v2\/media\/33153"}],"wp:attachment":[{"href":"https:\/\/chapal.fr\/fr\/wp-json\/wp\/v2\/media?parent=35906"}],"wp:term":[{"taxonomy":"product_cat","embeddable":true,"href":"https:\/\/chapal.fr\/fr\/wp-json\/wp\/v2\/product_cat?post=35906"},{"taxonomy":"product_tag","embeddable":true,"href":"https:\/\/chapal.fr\/fr\/wp-json\/wp\/v2\/product_tag?post=35906"}],"curies":[{"name":"wp","href":"https:\/\/api.w.org\/{rel}","templated":true}]}}