{"id":35901,"date":"2024-02-19T10:23:50","date_gmt":"2024-02-19T10:35:00","guid":{"rendered":"https:\/\/chapal.fr\/?post_type=product&#038;p=35901"},"modified":"2024-02-19T10:35:00","modified_gmt":"2024-02-19T10:35:00","slug":"pantalon-2006-a-vintage","status":"publish","type":"product","link":"https:\/\/chapal.fr\/fr\/produit\/pantalon-2006-a-vintage\/","title":{"rendered":"Pantalon 2006 A &#8211; Vintage"},"content":{"rendered":"","protected":false},"excerpt":{"rendered":"<p>Velours<br \/>\nCouleur Beige<\/p>\n<p>\u00c9tat : Tr\u00e8s bon \u00e9tat<\/p>\n","protected":false},"featured_media":35892,"template":"","meta":[],"product_cat":[2799],"product_tag":[],"acf":[],"_links":{"self":[{"href":"https:\/\/chapal.fr\/fr\/wp-json\/wp\/v2\/product\/35901"}],"collection":[{"href":"https:\/\/chapal.fr\/fr\/wp-json\/wp\/v2\/product"}],"about":[{"href":"https:\/\/chapal.fr\/fr\/wp-json\/wp\/v2\/types\/product"}],"wp:featuredmedia":[{"embeddable":true,"href":"https:\/\/chapal.fr\/fr\/wp-json\/wp\/v2\/media\/35892"}],"wp:attachment":[{"href":"https:\/\/chapal.fr\/fr\/wp-json\/wp\/v2\/media?parent=35901"}],"wp:term":[{"taxonomy":"product_cat","embeddable":true,"href":"https:\/\/chapal.fr\/fr\/wp-json\/wp\/v2\/product_cat?post=35901"},{"taxonomy":"product_tag","embeddable":true,"href":"https:\/\/chapal.fr\/fr\/wp-json\/wp\/v2\/product_tag?post=35901"}],"curies":[{"name":"wp","href":"https:\/\/api.w.org\/{rel}","templated":true}]}}