{"id":35880,"date":"2024-02-19T10:01:02","date_gmt":"2024-02-19T10:01:03","guid":{"rendered":"https:\/\/chapal.fr\/?post_type=product&#038;p=35880"},"modified":"2024-02-21T11:48:21","modified_gmt":"2024-02-21T11:48:21","slug":"pantalon-pilote-vintage-copy","status":"publish","type":"product","link":"https:\/\/chapal.fr\/fr\/produit\/pantalon-pilote-vintage-copy\/","title":{"rendered":"Pantalon Pilote &#8211; Vintage"},"content":{"rendered":"","protected":false},"excerpt":{"rendered":"<p>Nylon<br \/>\nCouleur \u00c9cru<\/p>\n<p>\u00c9tat : Tr\u00e8s bon \u00e9tat<\/p>\n","protected":false},"featured_media":36017,"template":"","meta":[],"product_cat":[2799],"product_tag":[],"acf":[],"_links":{"self":[{"href":"https:\/\/chapal.fr\/fr\/wp-json\/wp\/v2\/product\/35880"}],"collection":[{"href":"https:\/\/chapal.fr\/fr\/wp-json\/wp\/v2\/product"}],"about":[{"href":"https:\/\/chapal.fr\/fr\/wp-json\/wp\/v2\/types\/product"}],"wp:featuredmedia":[{"embeddable":true,"href":"https:\/\/chapal.fr\/fr\/wp-json\/wp\/v2\/media\/36017"}],"wp:attachment":[{"href":"https:\/\/chapal.fr\/fr\/wp-json\/wp\/v2\/media?parent=35880"}],"wp:term":[{"taxonomy":"product_cat","embeddable":true,"href":"https:\/\/chapal.fr\/fr\/wp-json\/wp\/v2\/product_cat?post=35880"},{"taxonomy":"product_tag","embeddable":true,"href":"https:\/\/chapal.fr\/fr\/wp-json\/wp\/v2\/product_tag?post=35880"}],"curies":[{"name":"wp","href":"https:\/\/api.w.org\/{rel}","templated":true}]}}