{"id":35834,"date":"2024-02-16T16:39:31","date_gmt":"2024-02-16T16:39:32","guid":{"rendered":"https:\/\/chapal.fr\/?post_type=product&#038;p=35834"},"modified":"2025-07-17T10:03:14","modified_gmt":"2025-07-17T10:03:14","slug":"pantalon-pilote-vintage-garbardine-beige-s","status":"publish","type":"product","link":"https:\/\/chapal.fr\/fr\/produit\/pantalon-pilote-vintage-garbardine-beige-s\/","title":{"rendered":"Pantalon Pilote &#8211; Vintage"},"content":{"rendered":"","protected":false},"excerpt":{"rendered":"<p>Gabardine de coton<br \/>\nCouleur Beige<\/p>\n<p>\u00c9tat : Tr\u00e8s bon \u00e9tat<\/p>\n","protected":false},"featured_media":22694,"template":"","meta":[],"product_cat":[2799],"product_tag":[],"acf":[],"_links":{"self":[{"href":"https:\/\/chapal.fr\/fr\/wp-json\/wp\/v2\/product\/35834"}],"collection":[{"href":"https:\/\/chapal.fr\/fr\/wp-json\/wp\/v2\/product"}],"about":[{"href":"https:\/\/chapal.fr\/fr\/wp-json\/wp\/v2\/types\/product"}],"wp:featuredmedia":[{"embeddable":true,"href":"https:\/\/chapal.fr\/fr\/wp-json\/wp\/v2\/media\/22694"}],"wp:attachment":[{"href":"https:\/\/chapal.fr\/fr\/wp-json\/wp\/v2\/media?parent=35834"}],"wp:term":[{"taxonomy":"product_cat","embeddable":true,"href":"https:\/\/chapal.fr\/fr\/wp-json\/wp\/v2\/product_cat?post=35834"},{"taxonomy":"product_tag","embeddable":true,"href":"https:\/\/chapal.fr\/fr\/wp-json\/wp\/v2\/product_tag?post=35834"}],"curies":[{"name":"wp","href":"https:\/\/api.w.org\/{rel}","templated":true}]}}