{"id":35477,"date":"2023-12-20T17:28:52","date_gmt":"2023-12-20T17:28:52","guid":{"rendered":"https:\/\/chapal.fr\/produit\/blouson-anglais-2\/"},"modified":"2024-02-20T15:04:36","modified_gmt":"2024-02-20T15:04:36","slug":"blouson-anglais-2","status":"publish","type":"product","link":"https:\/\/chapal.fr\/fr\/produit\/blouson-anglais-2\/","title":{"rendered":"Blouson Anglais &#8211; Vintage"},"content":{"rendered":"","protected":false},"excerpt":{"rendered":"<p>Gabardine de coton<br \/>\nCouleur Bleu marine<br \/>\nBandes jaunes en cuir glac\u00e9<br \/>\nFermeture \u00e0 glissi\u00e8re en laiton \u2013 Riri<\/p>\n<p>Cr\u00e9ation unique imagin\u00e9e pour un \u00e9v\u00e8nement en collaboration avec Renault<\/p>\n<p>\u00c9tat : Tr\u00e8s bon \u00e9tat<\/p>\n","protected":false},"featured_media":35445,"template":"","meta":[],"product_cat":[2799],"product_tag":[],"acf":[],"_links":{"self":[{"href":"https:\/\/chapal.fr\/fr\/wp-json\/wp\/v2\/product\/35477"}],"collection":[{"href":"https:\/\/chapal.fr\/fr\/wp-json\/wp\/v2\/product"}],"about":[{"href":"https:\/\/chapal.fr\/fr\/wp-json\/wp\/v2\/types\/product"}],"wp:featuredmedia":[{"embeddable":true,"href":"https:\/\/chapal.fr\/fr\/wp-json\/wp\/v2\/media\/35445"}],"wp:attachment":[{"href":"https:\/\/chapal.fr\/fr\/wp-json\/wp\/v2\/media?parent=35477"}],"wp:term":[{"taxonomy":"product_cat","embeddable":true,"href":"https:\/\/chapal.fr\/fr\/wp-json\/wp\/v2\/product_cat?post=35477"},{"taxonomy":"product_tag","embeddable":true,"href":"https:\/\/chapal.fr\/fr\/wp-json\/wp\/v2\/product_tag?post=35477"}],"curies":[{"name":"wp","href":"https:\/\/api.w.org\/{rel}","templated":true}]}}