{"id":35274,"date":"2023-12-20T11:01:49","date_gmt":"2023-12-20T11:01:49","guid":{"rendered":"https:\/\/chapal.fr\/produit\/a1-version-courte-2\/"},"modified":"2025-07-16T14:38:16","modified_gmt":"2025-07-16T14:38:16","slug":"a1-vintage-cuir-glace-couleur-brun-chapal","status":"publish","type":"product","link":"https:\/\/chapal.fr\/fr\/produit\/a1-vintage-cuir-glace-couleur-brun-chapal\/","title":{"rendered":"A1 &#8211; Vintage"},"content":{"rendered":"","protected":false},"excerpt":{"rendered":"<p>Cuir glac\u00e9<br \/>\nCouleur Brun<br \/>\nBord c\u00f4te en Cashwool laine<br \/>\nFermeture par 9 boutons en corne<\/p>\n<p>\u00c9tat : Tr\u00e8s bon \u00e9tat<\/p>\n","protected":false},"featured_media":35251,"template":"","meta":[],"product_cat":[2799],"product_tag":[],"acf":[],"_links":{"self":[{"href":"https:\/\/chapal.fr\/fr\/wp-json\/wp\/v2\/product\/35274"}],"collection":[{"href":"https:\/\/chapal.fr\/fr\/wp-json\/wp\/v2\/product"}],"about":[{"href":"https:\/\/chapal.fr\/fr\/wp-json\/wp\/v2\/types\/product"}],"wp:featuredmedia":[{"embeddable":true,"href":"https:\/\/chapal.fr\/fr\/wp-json\/wp\/v2\/media\/35251"}],"wp:attachment":[{"href":"https:\/\/chapal.fr\/fr\/wp-json\/wp\/v2\/media?parent=35274"}],"wp:term":[{"taxonomy":"product_cat","embeddable":true,"href":"https:\/\/chapal.fr\/fr\/wp-json\/wp\/v2\/product_cat?post=35274"},{"taxonomy":"product_tag","embeddable":true,"href":"https:\/\/chapal.fr\/fr\/wp-json\/wp\/v2\/product_tag?post=35274"}],"curies":[{"name":"wp","href":"https:\/\/api.w.org\/{rel}","templated":true}]}}