{"id":34536,"date":"2023-09-13T15:07:14","date_gmt":"2023-09-13T15:07:14","guid":{"rendered":"https:\/\/chapal.fr\/produit\/lunettes-gainees\/"},"modified":"2023-10-12T10:57:42","modified_gmt":"2023-10-12T10:57:42","slug":"lunettes-gainees-cuir-velours","status":"publish","type":"product","link":"https:\/\/chapal.fr\/fr\/produit\/lunettes-gainees-cuir-velours\/","title":{"rendered":"Lunettes Gain\u00e9es Cuir"},"content":{"rendered":"<p><strong>Historique<\/strong><\/p>\n<p>Lunettes d\u2019aviateur, de pilote automobile et motocycliste des ann\u00e9es 1930 \u2013 1950.<br \/>\nLes \u00e9crans en polycarbonate sont interchangeables avec ac\u00e9tate de couleur : fum\u00e9, jaune.<\/p>\n","protected":false},"excerpt":{"rendered":"<p>Coque en laiton poli<br \/>\nMouture gain\u00e9e de cuir velours<br \/>\nR\u00e9glable par \u00e9lastique<br \/>\nVis de r\u00e9glage<\/p>\n","protected":false},"featured_media":34571,"template":"","meta":[],"product_cat":[1314],"product_tag":[],"acf":[],"_links":{"self":[{"href":"https:\/\/chapal.fr\/fr\/wp-json\/wp\/v2\/product\/34536"}],"collection":[{"href":"https:\/\/chapal.fr\/fr\/wp-json\/wp\/v2\/product"}],"about":[{"href":"https:\/\/chapal.fr\/fr\/wp-json\/wp\/v2\/types\/product"}],"wp:featuredmedia":[{"embeddable":true,"href":"https:\/\/chapal.fr\/fr\/wp-json\/wp\/v2\/media\/34571"}],"wp:attachment":[{"href":"https:\/\/chapal.fr\/fr\/wp-json\/wp\/v2\/media?parent=34536"}],"wp:term":[{"taxonomy":"product_cat","embeddable":true,"href":"https:\/\/chapal.fr\/fr\/wp-json\/wp\/v2\/product_cat?post=34536"},{"taxonomy":"product_tag","embeddable":true,"href":"https:\/\/chapal.fr\/fr\/wp-json\/wp\/v2\/product_tag?post=34536"}],"curies":[{"name":"wp","href":"https:\/\/api.w.org\/{rel}","templated":true}]}}