{"id":34530,"date":"2023-09-13T14:27:53","date_gmt":"2023-09-13T14:27:53","guid":{"rendered":"https:\/\/chapal.fr\/produit\/lunettes-full-face-silk-lining\/"},"modified":"2024-04-30T15:32:32","modified_gmt":"2024-04-30T15:32:32","slug":"lunettes-full-face-silk-lining","status":"publish","type":"product","link":"https:\/\/chapal.fr\/fr\/produit\/lunettes-full-face-silk-lining\/","title":{"rendered":"Lunettes Full Face &#8211; Doublure soie"},"content":{"rendered":"<p><strong>Historique<\/strong><br \/>\nLunettes d\u2019aviateur, de pilote automobile et motocycliste des ann\u00e9es 1930 \u2013 1950.<br \/>\nLes \u00e9crans en polycarbonate sont interchangeables avec ac\u00e9tate de couleur : fum\u00e9, jaune, rouge.<\/p>\n","protected":false},"excerpt":{"rendered":"<p>Coque en laiton poli<br \/>\nMonture gain\u00e9e de cuir glac\u00e9 peint<br \/>\nDoublure en soie<br \/>\nVis de r\u00e9glage<\/p>\n","protected":false},"featured_media":34584,"template":"","meta":[],"product_cat":[1314],"product_tag":[],"acf":[],"_links":{"self":[{"href":"https:\/\/chapal.fr\/fr\/wp-json\/wp\/v2\/product\/34530"}],"collection":[{"href":"https:\/\/chapal.fr\/fr\/wp-json\/wp\/v2\/product"}],"about":[{"href":"https:\/\/chapal.fr\/fr\/wp-json\/wp\/v2\/types\/product"}],"wp:featuredmedia":[{"embeddable":true,"href":"https:\/\/chapal.fr\/fr\/wp-json\/wp\/v2\/media\/34584"}],"wp:attachment":[{"href":"https:\/\/chapal.fr\/fr\/wp-json\/wp\/v2\/media?parent=34530"}],"wp:term":[{"taxonomy":"product_cat","embeddable":true,"href":"https:\/\/chapal.fr\/fr\/wp-json\/wp\/v2\/product_cat?post=34530"},{"taxonomy":"product_tag","embeddable":true,"href":"https:\/\/chapal.fr\/fr\/wp-json\/wp\/v2\/product_tag?post=34530"}],"curies":[{"name":"wp","href":"https:\/\/api.w.org\/{rel}","templated":true}]}}