{"id":34472,"date":"2023-09-13T09:56:49","date_gmt":"2023-09-13T09:56:49","guid":{"rendered":"https:\/\/chapal.fr\/produit\/t-shirt-masque-1960\/"},"modified":"2024-04-30T09:59:27","modified_gmt":"2024-04-30T09:59:27","slug":"t-shirt-masque-1960","status":"publish","type":"product","link":"https:\/\/chapal.fr\/fr\/produit\/t-shirt-masque-1960\/","title":{"rendered":"T-shirt Masque 1960"},"content":{"rendered":"","protected":false},"excerpt":{"rendered":"<p>Jersey de coton peign\u00e9<br \/>\nEmpi\u00e8cement en cuir glac\u00e9 peint \u00e0 la main<br \/>\nManches courtes<br \/>\nCol rond<\/p>\n","protected":false},"featured_media":34464,"template":"","meta":[],"product_cat":[1317],"product_tag":[],"acf":[],"_links":{"self":[{"href":"https:\/\/chapal.fr\/fr\/wp-json\/wp\/v2\/product\/34472"}],"collection":[{"href":"https:\/\/chapal.fr\/fr\/wp-json\/wp\/v2\/product"}],"about":[{"href":"https:\/\/chapal.fr\/fr\/wp-json\/wp\/v2\/types\/product"}],"wp:featuredmedia":[{"embeddable":true,"href":"https:\/\/chapal.fr\/fr\/wp-json\/wp\/v2\/media\/34464"}],"wp:attachment":[{"href":"https:\/\/chapal.fr\/fr\/wp-json\/wp\/v2\/media?parent=34472"}],"wp:term":[{"taxonomy":"product_cat","embeddable":true,"href":"https:\/\/chapal.fr\/fr\/wp-json\/wp\/v2\/product_cat?post=34472"},{"taxonomy":"product_tag","embeddable":true,"href":"https:\/\/chapal.fr\/fr\/wp-json\/wp\/v2\/product_tag?post=34472"}],"curies":[{"name":"wp","href":"https:\/\/api.w.org\/{rel}","templated":true}]}}