{"id":34446,"date":"2023-09-12T15:49:22","date_gmt":"2023-09-12T15:49:22","guid":{"rendered":"https:\/\/chapal.fr\/produit\/casque-1950-bande-rouge\/"},"modified":"2024-05-22T14:07:43","modified_gmt":"2024-05-22T14:07:43","slug":"casque-1950-bande-rouge","status":"publish","type":"product","link":"https:\/\/chapal.fr\/fr\/produit\/casque-1950-bande-rouge\/","title":{"rendered":"Casque 1950 &#8211; Bande rouge"},"content":{"rendered":"<h2><strong>Historique <span style=\"color: #ffffff;\">Casque 1950 &#8211; Bande rouge<\/span><\/strong><\/h2>\n<p>Ce Casque 1950 &#8211; Bande rouge \u00e9tait fabriqu\u00e9 \u00e0 l\u2019\u00e9poque principalement par une maison londonienne Herbert Johnson et \u00e9tait destin\u00e9 aux joueurs de polo, puis les pilotes de course automobile se l\u2019appropri\u00e8rent.<br \/>\nSa fabrication \u00e9tait faite de toiles superpos\u00e9es et embouties.<br \/>\nLorsque Jean-Fran\u00e7ois Bardinon d\u00e9cida de le proposer \u00e0 nos clients, il demanda au c\u00e9l\u00e8bre pilote Maurice Trintignant s\u2019il acceptait de lui pr\u00eater le sien pour le copier.<br \/>\nEn toute confiance Maurice accepta en recommandant d\u2019y faire tr\u00e8s attention car il avait remport\u00e9 de nombreuses victoires avec ce casque auquel il tenait particuli\u00e8rement.<\/p>\n<p>La mod\u00e9lisation informatique n\u2019existant pas, Jean-Fran\u00e7ois Bardinon n\u2019eut d\u2019autre solution que de le plonger enti\u00e8rement dans un bain de pl\u00e2tre.<br \/>\nLes 72 heures de s\u00e8che parurent interminables, heureusement le casque ressortit indemne de ce traitement.<br \/>\nSoulag\u00e9, Jean-Fran\u00e7ois Bardinon le rendit \u00e0 Maurice Trintignant qui n\u2019eut jamais connaissance du risque qu\u2019avait couru son casque.<\/p>\n<p><a href=\"https:\/\/chapal.fr\/fr\/\">Chapal<\/a> ne pouvant assurer l\u2019emboutissage des couches de toile, il fut d\u00e9cid\u00e9 de fabriquer la coque en fibre de verre.<br \/>\nLa mise au point technique fut assur\u00e9e par un ami ing\u00e9nieur dans le laboratoire de mati\u00e8re plastique de la maison Matra \u00e0 Romorantin.<br \/>\nLe casque est propos\u00e9 en finition peinte, toile et r\u00e9sine comme le portait Juan-Manuel Fangio ou gain\u00e9 de cuir.<\/p>\n<p>Aujourd\u2019hui toute la fabrication est r\u00e9alis\u00e9e dans notre usine de Crocq.<br \/>\nLa gen\u00e8se de ce casque m\u00e9ritait d\u2019\u00eatre racont\u00e9e.<\/p>\n","protected":false},"excerpt":{"rendered":"<p>Coque en fibre de verre et r\u00e9sine<br \/>\nInt\u00e9rieur et propret\u00e9 en cuir glac\u00e9<br \/>\nBoucles en laiton<\/p>\n<p>Non homologu\u00e9<\/p>\n","protected":false},"featured_media":34402,"template":"","meta":[],"product_cat":[1310],"product_tag":[],"acf":[],"_links":{"self":[{"href":"https:\/\/chapal.fr\/fr\/wp-json\/wp\/v2\/product\/34446"}],"collection":[{"href":"https:\/\/chapal.fr\/fr\/wp-json\/wp\/v2\/product"}],"about":[{"href":"https:\/\/chapal.fr\/fr\/wp-json\/wp\/v2\/types\/product"}],"wp:featuredmedia":[{"embeddable":true,"href":"https:\/\/chapal.fr\/fr\/wp-json\/wp\/v2\/media\/34402"}],"wp:attachment":[{"href":"https:\/\/chapal.fr\/fr\/wp-json\/wp\/v2\/media?parent=34446"}],"wp:term":[{"taxonomy":"product_cat","embeddable":true,"href":"https:\/\/chapal.fr\/fr\/wp-json\/wp\/v2\/product_cat?post=34446"},{"taxonomy":"product_tag","embeddable":true,"href":"https:\/\/chapal.fr\/fr\/wp-json\/wp\/v2\/product_tag?post=34446"}],"curies":[{"name":"wp","href":"https:\/\/api.w.org\/{rel}","templated":true}]}}