{"id":34268,"date":"2023-09-11T09:51:30","date_gmt":"2023-09-11T09:51:30","guid":{"rendered":"https:\/\/chapal.fr\/produit\/usaaf\/"},"modified":"2024-04-29T10:22:07","modified_gmt":"2024-04-29T10:22:07","slug":"usaaf-toile-denim","status":"publish","type":"product","link":"https:\/\/chapal.fr\/fr\/produit\/usaaf-toile-denim\/","title":{"rendered":"USAAF"},"content":{"rendered":"<p><strong>Historique<br \/>\n<\/strong>Le mod\u00e8le USAAF est la symbiose des blousons de l\u2019US Air Force type A2 et de l\u2019US Navy Type G1 de la Seconde Guerre mondiale. Il est couramment appel\u00e9 Flight Jacket et reste le blouson le plus copi\u00e9 par l\u2019ensemble des fabricants.<br \/>\nN\u2019\u00e9tant pas un mod\u00e8le historique, nous le faisons \u00e9voluer au fil des ann\u00e9es selon les standards de la mode.<br \/>\nAlliant le style \u00e0 un tr\u00e8s grand confort, il convient \u00e0 tous les gabarits et \u00e0 toutes les g\u00e9n\u00e9rations. Il est le mod\u00e8le le plus vendu de notre collection.<\/p>\n","protected":false},"excerpt":{"rendered":"<p>Toile denim<br \/>\nDoublure en gabardine de coton ouatin\u00e9e<br \/>\nBord c\u00f4te en Cashwool laine<br \/>\nCol d\u00e9tachable en mouton dor\u00e9<br \/>\nFermeture \u00e0 glissi\u00e8re en laiton \u2013 Riri<br \/>\nDeux poches int\u00e9rieures<\/p>\n","protected":false},"featured_media":34552,"template":"","meta":[],"product_cat":[1315],"product_tag":[],"acf":[],"_links":{"self":[{"href":"https:\/\/chapal.fr\/fr\/wp-json\/wp\/v2\/product\/34268"}],"collection":[{"href":"https:\/\/chapal.fr\/fr\/wp-json\/wp\/v2\/product"}],"about":[{"href":"https:\/\/chapal.fr\/fr\/wp-json\/wp\/v2\/types\/product"}],"wp:featuredmedia":[{"embeddable":true,"href":"https:\/\/chapal.fr\/fr\/wp-json\/wp\/v2\/media\/34552"}],"wp:attachment":[{"href":"https:\/\/chapal.fr\/fr\/wp-json\/wp\/v2\/media?parent=34268"}],"wp:term":[{"taxonomy":"product_cat","embeddable":true,"href":"https:\/\/chapal.fr\/fr\/wp-json\/wp\/v2\/product_cat?post=34268"},{"taxonomy":"product_tag","embeddable":true,"href":"https:\/\/chapal.fr\/fr\/wp-json\/wp\/v2\/product_tag?post=34268"}],"curies":[{"name":"wp","href":"https:\/\/api.w.org\/{rel}","templated":true}]}}